{"id":4998,"date":"2024-11-28T13:48:01","date_gmt":"2024-11-28T10:48:01","guid":{"rendered":"https:\/\/www.alireis.com\/?post_type=product&#038;p=4998"},"modified":"2024-11-30T11:23:42","modified_gmt":"2024-11-30T08:23:42","slug":"%d0%ba%d0%b0%d1%85%d0%b2%d0%b5-%d0%b4%d1%8e%d0%bd%d1%8c%d1%8f%d1%81%d1%8b-3-%d0%b2-1-%d0%ba%d0%bb%d0%b0%d1%81%d1%81%d0%b8%d1%87%d0%b5%d1%81%d0%ba%d0%b8%d0%b9-%d1%80%d0%b0%d1%81%d1%82%d0%b2%d0%be%d1%80","status":"publish","type":"product","link":"https:\/\/alireis.com\/ru\/\u041c\u0430\u0433\u0430\u0437\u0438\u043d\/%d0%ba%d0%b0%d1%85%d0%b2%d0%b5-%d0%b4%d1%8e%d0%bd%d1%8c%d1%8f%d1%81%d1%8b-3-%d0%b2-1-%d0%ba%d0%bb%d0%b0%d1%81%d1%81%d0%b8%d1%87%d0%b5%d1%81%d0%ba%d0%b8%d0%b9-%d1%80%d0%b0%d1%81%d1%82%d0%b2%d0%be%d1%80\/","title":{"rendered":"\u041a\u0430\u0445\u0432\u0435 \u0414\u044e\u043d\u044c\u044f\u0441\u044b 3-\u0432-1 \u041a\u043b\u0430\u0441\u0441\u0438\u0447\u0435\u0441\u043a\u0438\u0439 \u0440\u0430\u0441\u0442\u0432\u043e\u0440\u0438\u043c\u044b\u0439 \u043a\u043e\u0444\u0435"},"content":{"rendered":"<p>Entwickelt, um den Genuss von Kaffee jederzeit und \u00fcberall zu erleben, ist der <strong>Kahve D\u00fcnyas\u0131 3-in-1 Klassischer<\/strong> Instantkaffee mit seiner praktischen Anwendung und seinem hervorragenden Geschmack ein unverzichtbares Produkt f\u00fcr Kaffeeliebhaber! Mit 40 Einzelportionen \u00e0 18 Gramm k\u00f6nnen Sie den frischen und k\u00f6stlichen Geschmack von Kaffee ganz einfach genie\u00dfen. Diese klassische Mischung, die die perfekte Harmonie von Kaffee, Milch und Zucker vereint, ist ideal f\u00fcr eine schnelle Energiest\u00e4rkung. Diese spezielle Mischung, die Sie zu Hause, bei der Arbeit oder auf Reisen mitnehmen k\u00f6nnen, umh\u00fcllt Sie mit ihrem reichen Aroma, sobald sie mit hei\u00dfem Wasser in Kontakt kommt. <\/p>\n<ul>\n<li><strong>Packungsinhalt<\/strong>: 40 Einzelportionen \u00e0 18 g Instantkaffee<\/li>\n<li><strong>Geschmacksnoten<\/strong>: Ausgewogen, sanfter Geschmack und s\u00fc\u00dfes Aroma<\/li>\n<li><strong>Zubereitung<\/strong>: Mischen Sie einen Beutel Kaffee-Mix mit einer Tasse hei\u00dfem Wasser und genie\u00dfen Sie es!<\/li>\n<\/ul>\n<p><strong>\u042d\u0442\u043e \u043f\u0440\u0430\u043a\u0442\u0438\u0447\u043d\u043e\u0435 \u0438 \u0432\u043a\u0443\u0441\u043d\u043e\u0435 \u0440\u0435\u0448\u0435\u043d\u0438\u0435<\/strong>, \u043f\u0440\u0438\u0433\u043e\u0442\u043e\u0432\u043b\u0435\u043d\u043d\u043e\u0435 \u0441 \u043a\u0430\u0447\u0435\u0441\u0442\u0432\u043e\u043c \u043e\u0442 \u041a\u0430\u0445\u0432\u0435 \u0414\u044e\u043d\u044c\u044f\u0441\u044b, \u0443\u043f\u0440\u043e\u0449\u0430\u0435\u0442 \u0432\u0430\u0448\u0443 \u043f\u043e\u0432\u0441\u0435\u0434\u043d\u0435\u0432\u043d\u0443\u044e \u0436\u0438\u0437\u043d\u044c \u0438 \u0440\u0430\u0434\u0443\u0435\u0442 \u0432\u0430\u0448\u0438 \u0432\u043a\u0443\u0441\u043e\u0432\u044b\u0435 \u0440\u0435\u0446\u0435\u043f\u0442\u043e\u0440\u044b. \u0414\u043e\u0431\u0430\u0432\u044c\u0442\u0435 \u0435\u0433\u043e \u0432 \u043a\u043e\u0440\u0437\u0438\u043d\u0443 \u043f\u0440\u044f\u043c\u043e \u0441\u0435\u0439\u0447\u0430\u0441 \u0438 \u0441\u0434\u0435\u043b\u0430\u0439\u0442\u0435 \u0432\u0430\u0448 \u0434\u0435\u043d\u044c \u043b\u0443\u0447\u0448\u0435! <\/p>\n","protected":false},"excerpt":{"rendered":"<p>Entwickelt, um den Genuss von Kaffee jederzeit und \u00fcberall zu erleben, ist der Kahve D\u00fcnyas\u0131 3-in-1 Klassischer Instantkaffee&hellip;<\/p>\n","protected":false},"featured_media":4971,"comment_status":"open","ping_status":"closed","template":"","meta":[],"product_cat":[553,224],"product_tag":[275],"class_list":{"0":"post-4998","1":"product","2":"type-product","3":"status-publish","4":"has-post-thumbnail","6":"product_cat-553","7":"product_cat-224","8":"product_tag-275","10":"first","11":"outofstock","12":"taxable","13":"shipping-taxable","14":"purchasable","15":"product-type-variable"},"_links":{"self":[{"href":"https:\/\/alireis.com\/ru\/wp-json\/wp\/v2\/product\/4998","targetHints":{"allow":["GET"]}}],"collection":[{"href":"https:\/\/alireis.com\/ru\/wp-json\/wp\/v2\/product"}],"about":[{"href":"https:\/\/alireis.com\/ru\/wp-json\/wp\/v2\/types\/product"}],"replies":[{"embeddable":true,"href":"https:\/\/alireis.com\/ru\/wp-json\/wp\/v2\/comments?post=4998"}],"wp:featuredmedia":[{"embeddable":true,"href":"https:\/\/alireis.com\/ru\/wp-json\/wp\/v2\/media\/4971"}],"wp:attachment":[{"href":"https:\/\/alireis.com\/ru\/wp-json\/wp\/v2\/media?parent=4998"}],"wp:term":[{"taxonomy":"product_cat","embeddable":true,"href":"https:\/\/alireis.com\/ru\/wp-json\/wp\/v2\/product_cat?post=4998"},{"taxonomy":"product_tag","embeddable":true,"href":"https:\/\/alireis.com\/ru\/wp-json\/wp\/v2\/product_tag?post=4998"}],"curies":[{"name":"wp","href":"https:\/\/api.w.org\/{rel}","templated":true}]}}