{"id":4342,"date":"2024-09-04T08:11:36","date_gmt":"2024-09-04T05:11:36","guid":{"rendered":"https:\/\/www.alireis.com\/uber-uns\/"},"modified":"2025-09-01T10:44:20","modified_gmt":"2025-09-01T07:44:20","slug":"uber-uns","status":"publish","type":"page","link":"https:\/\/alireis.com\/ru\/uber-uns\/","title":{"rendered":"\u041e \u043d\u0430\u0441"},"content":{"rendered":"\t\t<div data-elementor-type=\"wp-page\" data-elementor-id=\"4342\" class=\"elementor elementor-4342 elementor-1657\">\n\t\t\t\t<div class=\"elementor-element elementor-element-3f03054 e-flex e-con-boxed e-con e-parent\" data-id=\"3f03054\" data-element_type=\"container\" data-settings=\"{&quot;background_background&quot;:&quot;classic&quot;}\">\n\t\t\t\t\t<div class=\"e-con-inner\">\n\t\t<div class=\"elementor-element elementor-element-73d1b95 e-con-full e-flex e-con e-child\" data-id=\"73d1b95\" data-element_type=\"container\" data-settings=\"{&quot;background_background&quot;:&quot;classic&quot;}\">\n\t\t<div class=\"elementor-element elementor-element-3b9820b e-con-full e-flex e-con e-child\" data-id=\"3b9820b\" data-element_type=\"container\">\n\t\t<div class=\"elementor-element elementor-element-fcfaa5e e-con-full e-flex e-con e-child\" data-id=\"fcfaa5e\" data-element_type=\"container\">\n\t\t\t\t<div class=\"elementor-element elementor-element-405a20b elementor-widget elementor-widget-heading\" data-id=\"405a20b\" data-element_type=\"widget\" data-widget_type=\"heading.default\">\n\t\t\t\t<div class=\"elementor-widget-container\">\n\t\t\t\t\t<h2 class=\"elementor-heading-title elementor-size-default\"><p><strong>\u041d\u0430\u0448\u0430 \u043a\u043e\u043c\u043f\u0430\u043d\u0438\u044f<\/strong> \u0431\u044b\u043b\u0430 \u043e\u0441\u043d\u043e\u0432\u0430\u043d\u0430 03 \u043c\u0430\u044f 2018 \u0433\u043e\u0434\u0430 \u0410\u0445\u043c\u0435\u0442\u043e\u043c \u0410\u043b\u0438\u0440\u0435\u0439\u0441\u043e\u0433\u043b\u0443 \u0434\u043b\u044f \u0440\u0430\u0431\u043e\u0442\u044b \u0432 \u0441\u0435\u043a\u0442\u043e\u0440\u0435 \u0434\u0438\u0441\u0442\u0440\u0438\u0431\u0443\u0446\u0438\u0438 \u0438 \u043c\u0430\u0440\u043a\u0435\u0442\u0438\u043d\u0433\u0430 \u043f\u0440\u043e\u0434\u0443\u043a\u0442\u043e\u0432 \u043f\u0438\u0442\u0430\u043d\u0438\u044f. \u0411\u043b\u0430\u0433\u043e\u0434\u0430\u0440\u044f \u043e\u043f\u044b\u0442\u0443 \u0438 \u0432\u0438\u0434\u0435\u043d\u0438\u044e \u043d\u0430\u0448\u0435\u0433\u043e \u043e\u0441\u043d\u043e\u0432\u0430\u0442\u0435\u043b\u044f \u0432 \u044d\u0442\u043e\u043c \u0441\u0435\u043a\u0442\u043e\u0440\u0435, \u043a\u043e\u043c\u043f\u0430\u043d\u0438\u044f \u0432\u044b\u0440\u043e\u0441\u043b\u0430 \u0437\u0430 \u043a\u043e\u0440\u043e\u0442\u043a\u043e\u0435 \u0432\u0440\u0435\u043c\u044f \u0438 \u0441\u0442\u0430\u043b\u0430 \u043d\u0430\u0434\u0435\u0436\u043d\u043e\u0439 \u043a\u043e\u043c\u043f\u0430\u043d\u0438\u0435\u0439 \u0432 \u0441\u0435\u043a\u0442\u043e\u0440\u0435 \u0434\u0438\u0441\u0442\u0440\u0438\u0431\u0443\u0446\u0438\u0438 \u043f\u0440\u043e\u0434\u0443\u043a\u0442\u043e\u0432 \u043f\u0438\u0442\u0430\u043d\u0438\u044f. <\/p>\n<\/h2>\t\t\t\t<\/div>\n\t\t\t\t<\/div>\n\t\t\t\t<div class=\"elementor-element elementor-element-2660f73 elementor-widget elementor-widget-heading\" data-id=\"2660f73\" data-element_type=\"widget\" data-widget_type=\"heading.default\">\n\t\t\t\t<div class=\"elementor-widget-container\">\n\t\t\t\t\t<h2 class=\"elementor-heading-title elementor-size-default\"><p><strong>\u041c\u044b \u0441\u043f\u0435\u0446\u0438\u0430\u043b\u0438\u0437\u0438\u0440\u0443\u0435\u043c\u0441\u044f \u043d\u0430<\/strong> \u0437\u0430\u043a\u0443\u0441\u043e\u0447\u043d\u044b\u0445 \u0433\u0440\u0443\u043f\u043f\u0430\u0445, \u043a\u0438\u0441\u043b\u044b\u0445 \u043d\u0430\u043f\u0438\u0442\u043a\u0430\u0445, \u044d\u043d\u0435\u0440\u0433\u0435\u0442\u0438\u0447\u0435\u0441\u043a\u0438\u0445 \u043d\u0430\u043f\u0438\u0442\u043a\u0430\u0445 \u0438 \u043a\u043e\u0444\u0435\u0439\u043d\u044b\u0445 \u043f\u0440\u043e\u0434\u0443\u043a\u0442\u0430\u0445. \u0412 \u0447\u0438\u0441\u043b\u043e \u043d\u0430\u0448\u0438\u0445 \u043e\u0441\u043d\u043e\u0432\u043d\u044b\u0445 \u0442\u043e\u0432\u0430\u0440\u043e\u0432 \u0432\u0445\u043e\u0434\u044f\u0442 \u0442\u0430\u043a\u0436\u0435 \u0447\u0438\u043f\u0441\u044b \u0438 \u0434\u0440\u0443\u0433\u0438\u0435 \u0437\u0430\u043a\u0443\u0441\u043e\u0447\u043d\u044b\u0435 \u043f\u0440\u043e\u0434\u0443\u043a\u0442\u044b. \u041c\u044b \u043f\u0440\u0435\u0434\u043b\u0430\u0433\u0430\u0435\u043c \u043d\u0430\u0448\u0438\u043c \u043a\u043b\u0438\u0435\u043d\u0442\u0430\u043c \u043b\u0443\u0447\u0448\u0438\u0435 \u0440\u0435\u0448\u0435\u043d\u0438\u044f \u043f\u043e \u043f\u043e\u0441\u0442\u0430\u0432\u043a\u0430\u043c \u0431\u043b\u0430\u0433\u043e\u0434\u0430\u0440\u044f \u0440\u0430\u0437\u043d\u043e\u043e\u0431\u0440\u0430\u0437\u0438\u044e \u043f\u0440\u043e\u0434\u0443\u043a\u0446\u0438\u0438 \u0438 \u043f\u043e\u043d\u0438\u043c\u0430\u043d\u0438\u044e \u043a\u0430\u0447\u0435\u0441\u0442\u0432\u0430 \u043e\u0431\u0441\u043b\u0443\u0436\u0438\u0432\u0430\u043d\u0438\u044f.  <\/p><\/h2>\t\t\t\t<\/div>\n\t\t\t\t<\/div>\n\t\t\t\t<div class=\"elementor-element elementor-element-8823b1d elementor-widget elementor-widget-heading\" data-id=\"8823b1d\" data-element_type=\"widget\" data-widget_type=\"heading.default\">\n\t\t\t\t<div class=\"elementor-widget-container\">\n\t\t\t\t\t<h2 class=\"elementor-heading-title elementor-size-default\"><p><strong>\u041d\u0430\u0448\u0430 \u0446\u0435\u043b\u0435\u0432\u0430\u044f \u0430\u0443\u0434\u0438\u0442\u043e\u0440\u0438\u044f<\/strong> - \u044d\u0442\u043e \u0440\u043e\u0437\u043d\u0438\u0447\u043d\u044b\u0435 \u0442\u043e\u0440\u0433\u043e\u0432\u0446\u044b, \u043e\u043f\u0442\u043e\u0432\u044b\u0435 \u0438 \u044d\u043a\u0441\u043f\u043e\u0440\u0442\u043d\u044b\u0435 \u043f\u043e\u0441\u0442\u0430\u0432\u0449\u0438\u043a\u0438 \u0438 \u0434\u0440\u0443\u0433\u0438\u0435 \u043a\u043e\u043c\u043f\u0430\u043d\u0438\u0438, \u0440\u0430\u0431\u043e\u0442\u0430\u044e\u0449\u0438\u0435 \u0432 \u044d\u0442\u043e\u043c \u0441\u0435\u043a\u0442\u043e\u0440\u0435. \u0418\u0437 \u043d\u0430\u0448\u0435\u0439 \u0448\u0442\u0430\u0431-\u043a\u0432\u0430\u0440\u0442\u0438\u0440\u044b \u0432 \u0411\u0430\u0439\u0440\u0430\u043c\u043f\u0430\u0448\u0435, \u0421\u0442\u0430\u043c\u0431\u0443\u043b, \u043c\u044b \u043e\u0431\u0441\u043b\u0443\u0436\u0438\u0432\u0430\u0435\u043c \u0432\u0441\u044e \u0422\u0443\u0440\u0446\u0438\u044e. \u0411\u043b\u0430\u0433\u043e\u0434\u0430\u0440\u044f \u043d\u0430\u0448\u0435\u0439 \u0448\u0438\u0440\u043e\u043a\u043e\u0439 \u0434\u0438\u0441\u0442\u0440\u0438\u0431\u044c\u044e\u0442\u043e\u0440\u0441\u043a\u043e\u0439 \u0441\u0435\u0442\u0438 \u043c\u044b \u043f\u043e\u043b\u043d\u043e\u0441\u0442\u044c\u044e \u0438 \u0431\u044b\u0441\u0442\u0440\u043e \u0443\u0434\u043e\u0432\u043b\u0435\u0442\u0432\u043e\u0440\u044f\u0435\u043c \u043f\u043e\u0442\u0440\u0435\u0431\u043d\u043e\u0441\u0442\u0438 \u043d\u0430\u0448\u0438\u0445 \u043a\u043b\u0438\u0435\u043d\u0442\u043e\u0432.  <\/p><\/h2>\t\t\t\t<\/div>\n\t\t\t\t<\/div>\n\t\t\t\t<div class=\"elementor-element elementor-element-b31c243 elementor-widget elementor-widget-heading\" data-id=\"b31c243\" data-element_type=\"widget\" data-widget_type=\"heading.default\">\n\t\t\t\t<div class=\"elementor-widget-container\">\n\t\t\t\t\t<h2 class=\"elementor-heading-title elementor-size-default\"><p><strong>\u041d\u0430\u0448\u0430 \u043a\u043e\u043c\u043f\u0430\u043d\u0438\u044f \u043e\u0442\u043b\u0438\u0447\u0430\u0435\u0442\u0441\u044f \u043e\u0442<\/strong> \u0441\u0432\u043e\u0438\u0445 \u043a\u043e\u043d\u043a\u0443\u0440\u0435\u043d\u0442\u043e\u0432 \u043a\u0430\u0447\u0435\u0441\u0442\u0432\u0435\u043d\u043d\u043e\u0439 \u043f\u0440\u043e\u0434\u0443\u043a\u0446\u0438\u0435\u0439, \u0432\u043d\u0438\u043c\u0430\u043d\u0438\u0435\u043c \u043a \u0443\u0434\u043e\u0432\u043b\u0435\u0442\u0432\u043e\u0440\u0435\u043d\u0438\u044e \u043f\u043e\u0442\u0440\u0435\u0431\u043d\u043e\u0441\u0442\u0435\u0439 \u043a\u043b\u0438\u0435\u043d\u0442\u043e\u0432 \u0438 \u043d\u0430\u0434\u0435\u0436\u043d\u044b\u043c\u0438 \u043f\u0440\u043e\u0446\u0435\u0441\u0441\u0430\u043c\u0438 \u043f\u043e\u0441\u0442\u0430\u0432\u043e\u043a. \u041d\u0430\u0448\u0438 \u043f\u0435\u0440\u0435\u0434\u043e\u0432\u044b\u0435 \u0441\u0438\u0441\u0442\u0435\u043c\u044b \u0438\u043d\u0444\u0440\u0430\u0441\u0442\u0440\u0443\u043a\u0442\u0443\u0440\u044b \u0438 \u0441\u043f\u043e\u0441\u043e\u0431\u043d\u043e\u0441\u0442\u044c \u0431\u044b\u0441\u0442\u0440\u043e \u0440\u0435\u0430\u0433\u0438\u0440\u043e\u0432\u0430\u0442\u044c \u043d\u0430 \u0437\u0430\u043f\u0440\u043e\u0441\u044b \u043a\u043b\u0438\u0435\u043d\u0442\u043e\u0432 \u0432\u044b\u0434\u0435\u043b\u044f\u044e\u0442 \u043d\u0430\u0441 \u0432 \u044d\u0442\u043e\u043c \u0441\u0435\u043a\u0442\u043e\u0440\u0435. <\/p><\/h2>\t\t\t\t<\/div>\n\t\t\t\t<\/div>\n\t\t\t\t<div class=\"elementor-element elementor-element-ac0df92 elementor-widget elementor-widget-heading\" data-id=\"ac0df92\" data-element_type=\"widget\" data-widget_type=\"heading.default\">\n\t\t\t\t<div class=\"elementor-widget-container\">\n\t\t\t\t\t<h2 class=\"elementor-heading-title elementor-size-default\"><p><strong>\u041d\u0430\u0448\u0430 \u0446\u0435\u043b\u044c<\/strong>- \u0441\u0442\u0430\u0442\u044c \u043e\u0434\u043d\u043e\u0439 \u0438\u0437 \u0441\u0430\u043c\u044b\u0445 \u043f\u0440\u0435\u0441\u0442\u0438\u0436\u043d\u044b\u0445 \u0438 \u0445\u043e\u0440\u043e\u0448\u043e \u0437\u0430\u0440\u0435\u043a\u043e\u043c\u0435\u043d\u0434\u043e\u0432\u0430\u0432\u0448\u0438\u0445 \u0441\u0435\u0431\u044f \u043a\u043e\u043c\u043f\u0430\u043d\u0438\u0439 \u043f\u043e \u0434\u0438\u0441\u0442\u0440\u0438\u0431\u0443\u0446\u0438\u0438 \u043f\u0440\u043e\u0434\u0443\u043a\u0442\u043e\u0432 \u043f\u0438\u0442\u0430\u043d\u0438\u044f \u0432 \u0422\u0443\u0440\u0446\u0438\u0438. \u041f\u0440\u0438 \u044d\u0442\u043e\u043c \u043d\u0430\u0434\u0435\u0436\u043d\u043e\u0441\u0442\u044c, \u043a\u0430\u0447\u0435\u0441\u0442\u0432\u043e \u043e\u0431\u0441\u043b\u0443\u0436\u0438\u0432\u0430\u043d\u0438\u044f \u0438 \u0443\u0434\u043e\u0432\u043b\u0435\u0442\u0432\u043e\u0440\u0435\u043d\u043d\u043e\u0441\u0442\u044c \u043a\u043b\u0438\u0435\u043d\u0442\u043e\u0432 \u044f\u0432\u043b\u044f\u044e\u0442\u0441\u044f \u043d\u0430\u0448\u0438\u043c\u0438 \u0433\u043b\u0430\u0432\u043d\u044b\u043c\u0438 \u0446\u0435\u043d\u043d\u043e\u0441\u0442\u044f\u043c\u0438. \u041c\u044b \u0441\u0442\u0440\u0435\u043c\u0438\u043c\u0441\u044f \u0437\u0430\u043d\u044f\u0442\u044c \u043b\u0438\u0434\u0438\u0440\u0443\u044e\u0449\u0438\u0435 \u043f\u043e\u0437\u0438\u0446\u0438\u0438 \u0432 \u0441\u0432\u043e\u0435\u043c \u0441\u0435\u043a\u0442\u043e\u0440\u0435, \u0443\u0434\u0435\u043b\u044f\u044f \u043e\u0441\u043e\u0431\u043e\u0435 \u0432\u043d\u0438\u043c\u0430\u043d\u0438\u0435 \u043f\u043e\u0441\u0442\u043e\u044f\u043d\u043d\u043e\u043c\u0443 \u0440\u0430\u0437\u0432\u0438\u0442\u0438\u044e \u0438 \u0443\u0434\u043e\u0432\u043b\u0435\u0442\u0432\u043e\u0440\u0435\u043d\u0438\u044e \u043f\u043e\u0442\u0440\u0435\u0431\u043d\u043e\u0441\u0442\u0435\u0439 \u043a\u043b\u0438\u0435\u043d\u0442\u043e\u0432.  <\/p>\n<br> \u0414\u0432\u0438\u0433\u0430\u044f\u0441\u044c \u043a \u0441\u0432\u043e\u0435\u0439 \u0446\u0435\u043b\u0438 - \u0441\u0442\u0430\u0442\u044c \u043b\u0438\u0434\u0435\u0440\u043e\u043c \u0432 \u0441\u0435\u043a\u0442\u043e\u0440\u0435 \u0434\u0438\u0441\u0442\u0440\u0438\u0431\u0443\u0446\u0438\u0438 \u043f\u0440\u043e\u0434\u0443\u043a\u0442\u043e\u0432 \u043f\u0438\u0442\u0430\u043d\u0438\u044f, \u043c\u044b \u0431\u0443\u0434\u0435\u043c \u043f\u0440\u043e\u0434\u043e\u043b\u0436\u0430\u0442\u044c \u043f\u0440\u0435\u0434\u043e\u0441\u0442\u0430\u0432\u043b\u044f\u0442\u044c \u043b\u0443\u0447\u0448\u0438\u0435 \u0443\u0441\u043b\u0443\u0433\u0438 \u043d\u0430\u0448\u0438\u043c \u0443\u0432\u0430\u0436\u0430\u0435\u043c\u044b\u043c \u043a\u043b\u0438\u0435\u043d\u0442\u0430\u043c.<\/h2>\t\t\t\t<\/div>\n\t\t\t\t<\/div>\n\t\t\t\t<\/div>\n\t\t\t\t<\/div>\n\t\t<div class=\"elementor-element elementor-element-95f9466 e-con-full e-flex e-con e-child\" data-id=\"95f9466\" data-element_type=\"container\">\n\t\t\t\t<div class=\"elementor-element elementor-element-5efcd9d elementor-widget elementor-widget-image\" data-id=\"5efcd9d\" data-element_type=\"widget\" data-widget_type=\"image.default\">\n\t\t\t\t<div class=\"elementor-widget-container\">\n\t\t\t\t\t\t\t\t\t\t\t\t\t\t\t<img fetchpriority=\"high\" decoding=\"async\" width=\"460\" height=\"539\" src=\"https:\/\/alireis.com\/wp-content\/uploads\/2024\/10\/Toptan-Gida-Atistirmalik.png\" class=\"attachment-full size-full wp-image-4335\" alt=\"Toptan At\u0131\u015ft\u0131rmal\u0131k Yiyecekler ve \u00c7e\u015fitleri\" srcset=\"https:\/\/alireis.com\/wp-content\/uploads\/2024\/10\/Toptan-Gida-Atistirmalik.png 460w, https:\/\/alireis.com\/wp-content\/uploads\/2024\/10\/Toptan-Gida-Atistirmalik-231x271.png 231w\" sizes=\"(max-width: 460px) 100vw, 460px\" \/>\t\t\t\t\t\t\t\t\t\t\t\t\t\t\t<\/div>\n\t\t\t\t<\/div>\n\t\t\t\t<\/div>\n\t\t\t\t<\/div>\n\t\t\t\t\t<\/div>\n\t\t\t\t<\/div>\n\t\t\t\t<\/div>\n\t\t","protected":false},"excerpt":{"rendered":"<p>\u041d\u0430\u0448\u0430 \u043a\u043e\u043c\u043f\u0430\u043d\u0438\u044f \u0431\u044b\u043b\u0430 \u043e\u0441\u043d\u043e\u0432\u0430\u043d\u0430 03 \u043c\u0430\u044f 2018 \u0433\u043e\u0434\u0430 \u0410\u0445\u043c\u0435\u0442\u043e\u043c \u0410\u043b\u0438\u0440\u0435\u0439\u0441\u043e\u0433\u043b\u0443 \u0434\u043b\u044f \u0440\u0430\u0431\u043e\u0442\u044b \u0432 \u0441\u0435\u043a\u0442\u043e\u0440\u0435 \u0434\u0438\u0441\u0442\u0440\u0438\u0431\u0443\u0446\u0438\u0438 \u0438 \u043c\u0430\u0440\u043a\u0435\u0442\u0438\u043d\u0433\u0430 \u043f\u0440\u043e\u0434\u0443\u043a\u0442\u043e\u0432&hellip;<\/p>\n","protected":false},"author":1,"featured_media":0,"parent":0,"menu_order":0,"comment_status":"closed","ping_status":"closed","template":"elementor_header_footer","meta":{"footnotes":""},"class_list":["post-4342","page","type-page","status-publish","hentry"],"_links":{"self":[{"href":"https:\/\/alireis.com\/ru\/wp-json\/wp\/v2\/pages\/4342","targetHints":{"allow":["GET"]}}],"collection":[{"href":"https:\/\/alireis.com\/ru\/wp-json\/wp\/v2\/pages"}],"about":[{"href":"https:\/\/alireis.com\/ru\/wp-json\/wp\/v2\/types\/page"}],"author":[{"embeddable":true,"href":"https:\/\/alireis.com\/ru\/wp-json\/wp\/v2\/users\/1"}],"replies":[{"embeddable":true,"href":"https:\/\/alireis.com\/ru\/wp-json\/wp\/v2\/comments?post=4342"}],"version-history":[{"count":4,"href":"https:\/\/alireis.com\/ru\/wp-json\/wp\/v2\/pages\/4342\/revisions"}],"predecessor-version":[{"id":6097,"href":"https:\/\/alireis.com\/ru\/wp-json\/wp\/v2\/pages\/4342\/revisions\/6097"}],"wp:attachment":[{"href":"https:\/\/alireis.com\/ru\/wp-json\/wp\/v2\/media?parent=4342"}],"curies":[{"name":"wp","href":"https:\/\/api.w.org\/{rel}","templated":true}]}}