{"id":4425,"date":"2024-10-01T09:02:35","date_gmt":"2024-10-01T06:02:35","guid":{"rendered":"https:\/\/www.alireis.com\/magaza\/coffee-world-gofrik-milky-24\/"},"modified":"2024-11-21T18:04:06","modified_gmt":"2024-11-21T15:04:06","slug":"coffee-world-gofrik-milky-24","status":"publish","type":"product","link":"https:\/\/alireis.com\/en\/shop\/coffee-world-gofrik-milky-24\/","title":{"rendered":"Kahve D\u00fcnyas\u0131 Gofrik Milky 24"},"content":{"rendered":"<h3><strong>Kahve Dunyasi 24 Milk Gofrik (33g)<\/strong><\/h3>\n<h4><strong>Gofrik &#8211; A Tasty Flavor from Kahve D\u00fcnyas\u0131!<\/strong><\/h4>\n<p>It&#8217;s not a wafer, it&#8217;s a Gofrik! Gofrik, one of Kahve D\u00fcnyas\u0131&#8217;s unique desserts, is a combination of crispy wafer layers and unique milk chocolate. This unique flavor, which has become the favorite of everyone who tries it, is offered to you with wholesale opportunities. Each box of 24 contains 33 grams of delicious Gofriks, ready to pamper your taste buds.   <\/p>\n<p><strong>Product Content:<\/strong><\/p>\n<ul>\n<li>47% Milk Chocolate: Contains sugar, cocoa butter, whole milk powder, cocoa mass, skim milk powder and flavoring (vanillin). (Cocoa dry matter 34% minimum) <\/li>\n<li>31% Pistachio Butter: 37% Pistachio puree, sugar, maltodextrin, skimmed milk powder, coconut oil, whey powder and emulsifier.<\/li>\n<li>Wafer Layers: Wheat flour, sunflower oil, cocoa powder and raising agents.<\/li>\n<li>crowned with 12% pistachio pieces.<\/li>\n<\/ul>\n<p><strong>Allergen Warning<\/strong>: This product contains soy, milk ingredients, gluten and pistachios. It may also contain traces of hazelnuts, almonds, peanuts and eggs. <\/p>\n<p><strong>Nutritional Values (per 100 g):<\/strong><\/p>\n<table>\n<thead>\n<tr>\n<th><strong>Nutrient<\/strong><\/th>\n<th><strong>Amount<\/strong><\/th>\n<\/tr>\n<\/thead>\n<tbody>\n<tr>\n<td>Energy (kcal\/kJ)<\/td>\n<td>547\/2285<\/td>\n<\/tr>\n<tr>\n<td>Oil (g)<\/td>\n<td>33<\/td>\n<\/tr>\n<tr>\n<td>Saturated Fat (g)<\/td>\n<td>15<\/td>\n<\/tr>\n<tr>\n<td>Carbohydrate (g)<\/td>\n<td>50,2<\/td>\n<\/tr>\n<tr>\n<td>Sugar (g)<\/td>\n<td>36,3<\/td>\n<\/tr>\n<tr>\n<td>Fiber (g)<\/td>\n<td>2,4<\/td>\n<\/tr>\n<tr>\n<td>Protein (g)<\/td>\n<td>11<\/td>\n<\/tr>\n<tr>\n<td>Salt (g)<\/td>\n<td>0,4<\/td>\n<\/tr>\n<\/tbody>\n<\/table>\n<h4><strong>Box Dimensions:<\/strong><\/h4>\n<ul>\n<li><strong>En<\/strong>: 6 cm<\/li>\n<li><strong>Height<\/strong>: 16 cm<\/li>\n<li><strong>Height<\/strong>: 23 cm<\/li>\n<li><strong>Weight<\/strong>: Her kutu 24 x 33g Gofrik i\u00e7erir.<\/li>\n<\/ul>\n<h4><strong>Why Gofrik?<\/strong><\/h4>\n<ul>\n<li><strong>Flavor Explosion <\/strong>The perfect combination of crispy wafer layers, creamy pistachio paste and milk chocolate.<\/li>\n<li><strong>Practical Packaging:<\/strong> In boxes of 24, ideal for wholesale sales.<\/li>\n<li><strong>Toptan Sat\u0131\u015f F\u0131rsatlar\u0131<\/strong>: Kutu, koli veya palet baz\u0131nda uygun fiyatlarla sat\u0131n alma imkan\u0131.<\/li>\n<\/ul>\n<p>You can add flavor to your coffee breaks, meetings and special occasions by ordering this product on our website immediately. Gofrik, one of Kahve D\u00fcnyas\u0131&#8217;s special recipes, will instantly solve your sweet cravings! <\/p>\n<h4><strong>Modes of Sale:<\/strong><\/h4>\n<ul>\n<li><strong>Number of Boxes<\/strong>: 24 x 33g<\/li>\n<li><strong>Parcel and Pallet Sales<\/strong>: Contact now for advantageous price options for your wholesale purchases.<\/li>\n<\/ul>\n<p><strong>Milky Gofrik is ready for sale to suit your wholesale and retail needs! Order now and don&#8217;t miss this unique flavor!<\/strong><\/p>\n","protected":false},"excerpt":{"rendered":"<p>Kahve Dunyasi 24 Milk Gofrik (33g) Gofrik &#8211; A Tasty Flavor from Kahve D\u00fcnyas\u0131! It&#8217;s not a wafer,&hellip;<\/p>\n","protected":false},"featured_media":4192,"comment_status":"open","ping_status":"closed","template":"","meta":[],"product_cat":[332,201],"product_tag":[202,273],"class_list":{"0":"post-4425","1":"product","2":"type-product","3":"status-publish","4":"has-post-thumbnail","6":"product_cat-kahve-dunyasi-en","7":"product_cat-snacks","8":"product_tag-gofrik-en","9":"product_tag-kahve-dunyasi-en","11":"first","12":"instock","13":"taxable","14":"shipping-taxable","15":"purchasable","16":"product-type-variable"},"_links":{"self":[{"href":"https:\/\/alireis.com\/en\/wp-json\/wp\/v2\/product\/4425","targetHints":{"allow":["GET"]}}],"collection":[{"href":"https:\/\/alireis.com\/en\/wp-json\/wp\/v2\/product"}],"about":[{"href":"https:\/\/alireis.com\/en\/wp-json\/wp\/v2\/types\/product"}],"replies":[{"embeddable":true,"href":"https:\/\/alireis.com\/en\/wp-json\/wp\/v2\/comments?post=4425"}],"wp:featuredmedia":[{"embeddable":true,"href":"https:\/\/alireis.com\/en\/wp-json\/wp\/v2\/media\/4192"}],"wp:attachment":[{"href":"https:\/\/alireis.com\/en\/wp-json\/wp\/v2\/media?parent=4425"}],"wp:term":[{"taxonomy":"product_cat","embeddable":true,"href":"https:\/\/alireis.com\/en\/wp-json\/wp\/v2\/product_cat?post=4425"},{"taxonomy":"product_tag","embeddable":true,"href":"https:\/\/alireis.com\/en\/wp-json\/wp\/v2\/product_tag?post=4425"}],"curies":[{"name":"wp","href":"https:\/\/api.w.org\/{rel}","templated":true}]}}