{"id":4301,"date":"2024-10-01T09:02:36","date_gmt":"2024-10-01T06:02:36","guid":{"rendered":"https:\/\/www.alireis.com\/magaza\/kahve-dunyasi-milky-wafer-sphere-12-5g-x-50-pieces\/"},"modified":"2024-11-25T12:33:01","modified_gmt":"2024-11-25T09:33:01","slug":"kahve-dunyasi-milky-wafer-sphere-12-5g-x-50-pieces","status":"publish","type":"product","link":"https:\/\/alireis.com\/en\/shop\/kahve-dunyasi-milky-wafer-sphere-12-5g-x-50-pieces\/","title":{"rendered":"Kahve D\u00fcnyas\u0131 Milky Wafer Sphere (12.5g x 50 Pieces)"},"content":{"rendered":"<h3><strong>Kahve D\u00fcnyas\u0131 Milky Wafer Sphere (12.5g x 50 Pieces)<\/strong><\/h3>\n<h4><strong>Kahve D\u00fcnyas\u0131&#8217;s Legendary Gofrik is Now Spherical!<\/strong><\/h4>\n<p>Kahve D\u00fcnyas\u0131 Milky Wafer Sphere, which adds a whole new dimension to the wafer flavor, leaves a mark on the palate with the skillful combination of pistachio paste and milk chocolate.<br \/>\nThe delicious pistachio paste and pistachio pieces between the wafer are complemented by the milk chocolate coating, creating a unique flavor.<br \/>\nPacked in 50 pieces, don&#8217;t miss this product that will add flavor to your coffee breaks, meetings or travels! <strong>Product Content:<\/strong><\/p>\n<ul>\n<li><strong>Milk Chocolate (47%)<\/strong>: Sugar, cocoa butter, whole milk powder, cocoa mass, skimmed milk powder and flavoring (vanillin).<br \/>\nCocoa dry matter is at least 34%.<\/li>\n<li><strong>Pistachio Butter (31%)<\/strong>: 37% pistachio puree, sugar, maltodextrin, skimmed milk powder, coconut oil, whey powder and emulsifier.<\/li>\n<li><strong>Wafer Layers<\/strong>: Crispy wheat flour (contains gluten), vegetable oil (sunflower), cocoa powder and raising agents.<\/li>\n<li><strong>Pistachio Chunks (12%)<\/strong>: Together with the pistachio paste, they create a great texture and taste.<\/li>\n<\/ul>\n<p><strong>Allergen Warning:<\/strong> This product contains soy product, milk ingredients, gluten and pistachios.<br \/>\nMay contain traces of hazelnuts, almonds, peanuts and eggs.<\/p>\n<p><strong>Nutritional Values (per 100g):<\/strong><\/p>\n<table>\n<thead>\n<tr>\n<th><strong>Nutrient<\/strong><\/th>\n<th><strong>Amount<\/strong><\/th>\n<\/tr>\n<\/thead>\n<tbody>\n<tr>\n<td>Energy (kcal\/kJ)<\/td>\n<td>547\/2285<\/td>\n<\/tr>\n<tr>\n<td>Oil (g)<\/td>\n<td>33<\/td>\n<\/tr>\n<tr>\n<td>Saturated Fat (g)<\/td>\n<td>15<\/td>\n<\/tr>\n<tr>\n<td>Carbohydrate (g)<\/td>\n<td>50,2<\/td>\n<\/tr>\n<tr>\n<td>Sugar (g)<\/td>\n<td>36,3<\/td>\n<\/tr>\n<tr>\n<td>Fiber (g)<\/td>\n<td>2,4<\/td>\n<\/tr>\n<tr>\n<td>Protein (g)<\/td>\n<td>11<\/td>\n<\/tr>\n<tr>\n<td>Salt (g)<\/td>\n<td>0,4<\/td>\n<\/tr>\n<\/tbody>\n<\/table>\n<h4><strong>Why Choose a Milky Gofric Sphere?<\/strong><\/h4>\n<ul>\n<li><strong>Flavor Bomb<\/strong>: It leaves an unforgettable taste on the palate with the perfect harmony of pistachio paste and milk chocolate.<\/li>\n<li><strong>Various Uses<\/strong>: At home, in the office, in the car or on the go &#8211; a snack that you can have with you at any time.<\/li>\n<li><strong>Wholesale Possibility<\/strong>: An economical and practical solution in packs of 50.<\/li>\n<\/ul>\n<h4><strong>Modes of Sale:<\/strong><\/h4>\n<ul>\n<li><strong>Qty<\/strong>: 12.5g x 50<\/li>\n<li><strong>Wholesale Options<\/strong>: Favorable price advantages on box, parcel and pallet basis.<\/li>\n<\/ul>\n<p>This flavor wonder from Kahve D\u00fcnyas\u0131&#8217;s special recipe is waiting for you with wholesale opportunities.<br \/>\nTry the unique taste of Milky Wafer Sphere now and offer this special snack to your customers, guests or loved ones! <strong>Always fresh and practical &#8211; order the Wafer Sphere with milk now!<\/strong><\/p>\n","protected":false},"excerpt":{"rendered":"<p>Kahve D\u00fcnyas\u0131 Milky Wafer Sphere (12.5g x 50 Pieces) Kahve D\u00fcnyas\u0131&#8217;s Legendary Gofrik is Now Spherical! Kahve D\u00fcnyas\u0131&hellip;<\/p>\n","protected":false},"featured_media":4207,"comment_status":"open","ping_status":"closed","template":"","meta":[],"product_cat":[332,201],"product_tag":[202,273],"class_list":{"0":"post-4301","1":"product","2":"type-product","3":"status-publish","4":"has-post-thumbnail","6":"product_cat-kahve-dunyasi-en","7":"product_cat-snacks","8":"product_tag-gofrik-en","9":"product_tag-kahve-dunyasi-en","11":"first","12":"instock","13":"taxable","14":"shipping-taxable","15":"purchasable","16":"product-type-variable"},"_links":{"self":[{"href":"https:\/\/alireis.com\/en\/wp-json\/wp\/v2\/product\/4301","targetHints":{"allow":["GET"]}}],"collection":[{"href":"https:\/\/alireis.com\/en\/wp-json\/wp\/v2\/product"}],"about":[{"href":"https:\/\/alireis.com\/en\/wp-json\/wp\/v2\/types\/product"}],"replies":[{"embeddable":true,"href":"https:\/\/alireis.com\/en\/wp-json\/wp\/v2\/comments?post=4301"}],"wp:featuredmedia":[{"embeddable":true,"href":"https:\/\/alireis.com\/en\/wp-json\/wp\/v2\/media\/4207"}],"wp:attachment":[{"href":"https:\/\/alireis.com\/en\/wp-json\/wp\/v2\/media?parent=4301"}],"wp:term":[{"taxonomy":"product_cat","embeddable":true,"href":"https:\/\/alireis.com\/en\/wp-json\/wp\/v2\/product_cat?post=4301"},{"taxonomy":"product_tag","embeddable":true,"href":"https:\/\/alireis.com\/en\/wp-json\/wp\/v2\/product_tag?post=4301"}],"curies":[{"name":"wp","href":"https:\/\/api.w.org\/{rel}","templated":true}]}}