{"id":4329,"date":"2024-09-04T08:11:36","date_gmt":"2024-09-04T05:11:36","guid":{"rendered":"https:\/\/www.alireis.com\/about-us\/"},"modified":"2025-09-01T10:44:19","modified_gmt":"2025-09-01T07:44:19","slug":"about-us","status":"publish","type":"page","link":"https:\/\/alireis.com\/en\/about-us\/","title":{"rendered":"About Us"},"content":{"rendered":"\t\t<div data-elementor-type=\"wp-page\" data-elementor-id=\"4329\" class=\"elementor elementor-4329 elementor-1657\">\n\t\t\t\t<div class=\"elementor-element elementor-element-3f03054 e-flex e-con-boxed e-con e-parent\" data-id=\"3f03054\" data-element_type=\"container\" data-settings=\"{&quot;background_background&quot;:&quot;classic&quot;}\">\n\t\t\t\t\t<div class=\"e-con-inner\">\n\t\t<div class=\"elementor-element elementor-element-73d1b95 e-con-full e-flex e-con e-child\" data-id=\"73d1b95\" data-element_type=\"container\" data-settings=\"{&quot;background_background&quot;:&quot;classic&quot;}\">\n\t\t<div class=\"elementor-element elementor-element-3b9820b e-con-full e-flex e-con e-child\" data-id=\"3b9820b\" data-element_type=\"container\">\n\t\t<div class=\"elementor-element elementor-element-fcfaa5e e-con-full e-flex e-con e-child\" data-id=\"fcfaa5e\" data-element_type=\"container\">\n\t\t\t\t<div class=\"elementor-element elementor-element-405a20b elementor-widget elementor-widget-heading\" data-id=\"405a20b\" data-element_type=\"widget\" data-widget_type=\"heading.default\">\n\t\t\t\t<div class=\"elementor-widget-container\">\n\t\t\t\t\t<h2 class=\"elementor-heading-title elementor-size-default\"><p><strong>Our company<\/strong> was founded by Ahmet Alireiso\u011flu on May 3, 2018 to serve in the food distribution and marketing sector. Thanks to our founder's experience and vision in the sector, it has grown in a short time and has become a reliable company in the food distribution sector. <\/p>\n<\/h2>\t\t\t\t<\/div>\n\t\t\t\t<\/div>\n\t\t\t\t<div class=\"elementor-element elementor-element-2660f73 elementor-widget elementor-widget-heading\" data-id=\"2660f73\" data-element_type=\"widget\" data-widget_type=\"heading.default\">\n\t\t\t\t<div class=\"elementor-widget-container\">\n\t\t\t\t\t<h2 class=\"elementor-heading-title elementor-size-default\"><p><strong>We specialize<\/strong> in snack groups, acidic drinks, energy drinks and coffee products. Our main service items also include chips and other snack products. We offer the best supply solutions to our customers with our product diversity and quality service approach.  <\/p><\/h2>\t\t\t\t<\/div>\n\t\t\t\t<\/div>\n\t\t\t\t<div class=\"elementor-element elementor-element-8823b1d elementor-widget elementor-widget-heading\" data-id=\"8823b1d\" data-element_type=\"widget\" data-widget_type=\"heading.default\">\n\t\t\t\t<div class=\"elementor-widget-container\">\n\t\t\t\t\t<h2 class=\"elementor-heading-title elementor-size-default\"><p><strong>Our target<\/strong> audience is retailers, wholesalers, export suppliers and other businesses operating in the sector. From our headquarters in Bayrampasa, Istanbul, we serve all over Turkey. With our wide distribution network, we meet the needs of our customers completely and quickly.  <\/p><\/h2>\t\t\t\t<\/div>\n\t\t\t\t<\/div>\n\t\t\t\t<div class=\"elementor-element elementor-element-b31c243 elementor-widget elementor-widget-heading\" data-id=\"b31c243\" data-element_type=\"widget\" data-widget_type=\"heading.default\">\n\t\t\t\t<div class=\"elementor-widget-container\">\n\t\t\t\t\t<h2 class=\"elementor-heading-title elementor-size-default\"><p><strong>The difference of our company<\/strong> in the sector is distinguished from its competitors with quality products, the importance given to customer satisfaction and reliable supply processes. Our advanced infrastructure systems and our ability to respond quickly to customer demands make us stand out in the sector. <\/p><\/h2>\t\t\t\t<\/div>\n\t\t\t\t<\/div>\n\t\t\t\t<div class=\"elementor-element elementor-element-ac0df92 elementor-widget elementor-widget-heading\" data-id=\"ac0df92\" data-element_type=\"widget\" data-widget_type=\"heading.default\">\n\t\t\t\t<div class=\"elementor-widget-container\">\n\t\t\t\t\t<h2 class=\"elementor-heading-title elementor-size-default\"><p><strong>Our vision<\/strong> is to become one of the most prestigious and well-established food distribution companies in Turkey. Reliability, quality service and customer satisfaction are our prioritized values. We aim to reach a leading position in our sector by focusing on continuous development and customer satisfaction.  <\/p>\n<br> As we move towards our goal of becoming a leader in the food distribution sector, we will continue to provide the best service to our valued customers.<\/h2>\t\t\t\t<\/div>\n\t\t\t\t<\/div>\n\t\t\t\t<\/div>\n\t\t\t\t<\/div>\n\t\t<div class=\"elementor-element elementor-element-95f9466 e-con-full e-flex e-con e-child\" data-id=\"95f9466\" data-element_type=\"container\">\n\t\t\t\t<div class=\"elementor-element elementor-element-5efcd9d elementor-widget elementor-widget-image\" data-id=\"5efcd9d\" data-element_type=\"widget\" data-widget_type=\"image.default\">\n\t\t\t\t<div class=\"elementor-widget-container\">\n\t\t\t\t\t\t\t\t\t\t\t\t\t\t\t<img fetchpriority=\"high\" decoding=\"async\" width=\"460\" height=\"539\" src=\"https:\/\/alireis.com\/wp-content\/uploads\/2024\/10\/Toptan-Gida-Atistirmalik.png\" class=\"attachment-full size-full wp-image-4333\" alt=\"Toptan At\u0131\u015ft\u0131rmal\u0131k Yiyecekler ve \u00c7e\u015fitleri\" srcset=\"https:\/\/alireis.com\/wp-content\/uploads\/2024\/10\/Toptan-Gida-Atistirmalik.png 460w, https:\/\/alireis.com\/wp-content\/uploads\/2024\/10\/Toptan-Gida-Atistirmalik-231x271.png 231w\" sizes=\"(max-width: 460px) 100vw, 460px\" \/>\t\t\t\t\t\t\t\t\t\t\t\t\t\t\t<\/div>\n\t\t\t\t<\/div>\n\t\t\t\t<\/div>\n\t\t\t\t<\/div>\n\t\t\t\t\t<\/div>\n\t\t\t\t<\/div>\n\t\t\t\t<\/div>\n\t\t","protected":false},"excerpt":{"rendered":"<p>Our company was founded by Ahmet Alireiso\u011flu on May 3, 2018 to serve in the food distribution and&hellip;<\/p>\n","protected":false},"author":1,"featured_media":0,"parent":0,"menu_order":0,"comment_status":"closed","ping_status":"closed","template":"elementor_header_footer","meta":{"footnotes":""},"class_list":["post-4329","page","type-page","status-publish","hentry"],"_links":{"self":[{"href":"https:\/\/alireis.com\/en\/wp-json\/wp\/v2\/pages\/4329","targetHints":{"allow":["GET"]}}],"collection":[{"href":"https:\/\/alireis.com\/en\/wp-json\/wp\/v2\/pages"}],"about":[{"href":"https:\/\/alireis.com\/en\/wp-json\/wp\/v2\/types\/page"}],"author":[{"embeddable":true,"href":"https:\/\/alireis.com\/en\/wp-json\/wp\/v2\/users\/1"}],"replies":[{"embeddable":true,"href":"https:\/\/alireis.com\/en\/wp-json\/wp\/v2\/comments?post=4329"}],"version-history":[{"count":3,"href":"https:\/\/alireis.com\/en\/wp-json\/wp\/v2\/pages\/4329\/revisions"}],"predecessor-version":[{"id":6095,"href":"https:\/\/alireis.com\/en\/wp-json\/wp\/v2\/pages\/4329\/revisions\/6095"}],"wp:attachment":[{"href":"https:\/\/alireis.com\/en\/wp-json\/wp\/v2\/media?parent=4329"}],"curies":[{"name":"wp","href":"https:\/\/api.w.org\/{rel}","templated":true}]}}