{"id":6085,"date":"2025-08-30T10:52:43","date_gmt":"2025-08-30T07:52:43","guid":{"rendered":"https:\/\/alireis.com\/?post_type=product&#038;p=6085"},"modified":"2025-08-30T11:04:35","modified_gmt":"2025-08-30T08:04:35","slug":"starbucks-caffe-caramel-latte-premium-kaffee-23-g","status":"publish","type":"product","link":"https:\/\/alireis.com\/de\/Shop\/starbucks-caffe-caramel-latte-premium-kaffee-23-g\/","title":{"rendered":"Starbucks Caffe Caramel Latte Premium Kaffee 23 g"},"content":{"rendered":"<p data-start=\"78\" data-end=\"186\">\u2615 Latte verfeinert mit der s\u00fc\u00dfen Note von Karamell \u2013 Starbucks Caff\u00e8 Caramel Latte Premium Kaffeemischung 23g<\/p>\n<p data-start=\"188\" data-end=\"485\">Starbucks Caff\u00e8 Caramel Latte Premium vereint den intensiven Geschmack von Espresso mit einer cremigen Mischung aus Milch und Karamellaroma und bietet ein einzigartiges Kaffeeerlebnis. Diese speziell formulierte Granulatmischung ist eine praktische und schnelle L\u00f6sung, um Kaffee in Starbucks-Qualit\u00e4t zu Hause oder am Arbeitsplatz zuzubereiten.<\/p>\n<p data-start=\"487\" data-end=\"628\">Der Starbucks Caramel Latte 23g, der an Verkaufsstellen stark nachgefragt wird, ist <strong data-start=\"554\" data-end=\"622\">ein profitables Lagerprodukt f\u00fcr Unternehmen mit Gro\u00dfhandelsvorteilen<\/strong>.<\/p>\n<hr data-start=\"630\" data-end=\"633\" \/>\n<h3 data-start=\"635\" data-end=\"657\">Produkteigenschaften<\/h3>\n<p data-start=\"658\" data-end=\"915\">\u2705 Premium-Granulatkaffee in Starbucks-Qualit\u00e4t<br data-start=\"714\" data-end=\"717\" \/>\u2705 Intensiver Espresso, gemischt mit Milch und Karamellaroma<br data-start=\"774\" data-end=\"777\" \/>\u2705 Praktische 23g-Einzelportion<br data-start=\"809\" data-end=\"812\" \/>\u2705 Schnelle Zubereitung zu Hause oder im B\u00fcro<br data-start=\"855\" data-end=\"858\" \/>\u2705 Ideales Produkt f\u00fcr Superm\u00e4rkte, Caf\u00e9s und Verkaufsstellen<\/p>\n<hr data-start=\"917\" data-end=\"920\" \/>\n<h3 data-start=\"922\" data-end=\"939\">Zutaten<\/h3>\n<p data-start=\"940\" data-end=\"1097\">Zucker, Magermilchpulver, Glukosesirup, Kaffeeextrakt (12%), Kokos\u00f6l, Stabilisator (E340), nat\u00fcrliche Aromen (einschlie\u00dflich Karamellaroma), Salz.<\/p>\n<p data-start=\"1099\" data-end=\"1178\"><strong data-start=\"1099\" data-end=\"1119\">Allergenhinweis:<\/strong> Enth\u00e4lt Milchprodukte. Kann Spuren von Gluten und Soja enthalten.<\/p>\n<hr data-start=\"1180\" data-end=\"1183\" \/>\n<h3 data-start=\"1185\" data-end=\"1218\">N\u00e4hrwerte (pro 100g)<\/h3>\n<div class=\"_tableContainer_1rjym_1\">\n<div class=\"_tableWrapper_1rjym_13 group flex w-fit flex-col-reverse\" tabindex=\"-1\">\n<table class=\"w-fit min-w-(--thread-content-width)\" data-start=\"1220\" data-end=\"1493\">\n<thead data-start=\"1220\" data-end=\"1249\">\n<tr data-start=\"1220\" data-end=\"1249\">\n<th data-start=\"1220\" data-end=\"1239\" data-col-size=\"sm\">N\u00e4hrstoff<\/th>\n<th data-start=\"1239\" data-end=\"1249\" data-col-size=\"sm\">Menge<\/th>\n<\/tr>\n<\/thead>\n<tbody data-start=\"1280\" data-end=\"1493\">\n<tr data-start=\"1280\" data-end=\"1311\">\n<td data-start=\"1280\" data-end=\"1299\" data-col-size=\"sm\">Energie<\/td>\n<td data-start=\"1299\" data-end=\"1311\" data-col-size=\"sm\">432 kcal<\/td>\n<\/tr>\n<tr data-start=\"1312\" data-end=\"1341\">\n<td data-start=\"1312\" data-end=\"1331\" data-col-size=\"sm\">Fett<\/td>\n<td data-start=\"1331\" data-end=\"1341\" data-col-size=\"sm\">12,5 g<\/td>\n<\/tr>\n<tr data-start=\"1342\" data-end=\"1371\">\n<td data-start=\"1342\" data-end=\"1361\" data-col-size=\"sm\">Ges\u00e4ttigte Fetts\u00e4uren<\/td>\n<td data-start=\"1361\" data-end=\"1371\" data-col-size=\"sm\">11,3 g<\/td>\n<\/tr>\n<tr data-start=\"1372\" data-end=\"1401\">\n<td data-start=\"1372\" data-end=\"1391\" data-col-size=\"sm\">Kohlenhydrate<\/td>\n<td data-start=\"1391\" data-end=\"1401\" data-col-size=\"sm\">67,9 g<\/td>\n<\/tr>\n<tr data-start=\"1402\" data-end=\"1431\">\n<td data-start=\"1402\" data-end=\"1421\" data-col-size=\"sm\">Zucker<\/td>\n<td data-start=\"1421\" data-end=\"1431\" data-col-size=\"sm\">56,3 g<\/td>\n<\/tr>\n<tr data-start=\"1432\" data-end=\"1461\">\n<td data-start=\"1432\" data-end=\"1451\" data-col-size=\"sm\">Eiwei\u00df<\/td>\n<td data-start=\"1451\" data-end=\"1461\" data-col-size=\"sm\">11,1 g<\/td>\n<\/tr>\n<tr data-start=\"1462\" data-end=\"1493\">\n<td data-start=\"1462\" data-end=\"1481\" data-col-size=\"sm\">Salz<\/td>\n<td data-start=\"1481\" data-end=\"1493\" data-col-size=\"sm\">0,65 g<\/td>\n<\/tr>\n<\/tbody>\n<\/table>\n<\/div>\n<\/div>\n<p data-start=\"1495\" data-end=\"1592\"><em data-start=\"1495\" data-end=\"1590\">(Pro Portion \/ 23g ca.: 99 kcal Energie, 2,9 g Fett, 15,6 g Kohlenhydrate, 2,5 g Eiwei\u00df)<\/em><\/p>\n<hr data-start=\"1594\" data-end=\"1597\" \/>\n<h3 data-start=\"1599\" data-end=\"1622\">Verzehrempfehlungen<\/h3>\n<p data-start=\"1623\" data-end=\"1805\">\u2714 Bereiten Sie einfach einen Latte mit Karamellgeschmack zu, indem Sie hei\u00dfes Wasser hinzuf\u00fcgen<br data-start=\"1684\" data-end=\"1687\" \/>\u2714 Genie\u00dfen Sie Kaffee mit einer s\u00fc\u00dfen Note zu jeder Tageszeit<br data-start=\"1733\" data-end=\"1736\" \/>\u2714 Ideales Getr\u00e4nk f\u00fcr Verbraucher, die Karamellgeschmack suchen<\/p>\n<hr data-start=\"1807\" data-end=\"1810\" \/>\n<h3 data-start=\"1812\" data-end=\"1830\">F\u00fcr wen geeignet?<\/h3>\n<p data-start=\"1831\" data-end=\"2007\">\u2615 F\u00fcr alle, die Starbucks-Kaffeegenuss zu Hause erleben m\u00f6chten<br data-start=\"1880\" data-end=\"1883\" \/>\ud83c\udf6f F\u00fcr alle, die in ihrem Kaffee ein s\u00fc\u00dfes Karamellaroma suchen<br data-start=\"1928\" data-end=\"1931\" \/>\ud83c\udfea F\u00fcr Unternehmen, die ein nachgefragtes Produkt f\u00fcr M\u00e4rkte, Caf\u00e9s und Verkaufsstellen suchen<\/p>\n<hr data-start=\"2009\" data-end=\"2012\" \/>\n<h3 data-start=\"2014\" data-end=\"2121\">Gro\u00dfhandel Starbucks Caff\u00e8 Caramel Latte Premium Kaffeemischung 23g \u2013 Karton- und Palettenoptionen<\/h3>\n<p data-start=\"2122\" data-end=\"2273\">Starbucks Caff\u00e8 Caramel Latte geh\u00f6rt zu den am meisten bevorzugten s\u00fc\u00df-aromatisierten Kaffees. Er erfreut sich an Verkaufsstellen hoher Kundenachfrage.<\/p>\n<p data-start=\"2275\" data-end=\"2364\">\ud83d\udce6 <strong data-start=\"2278\" data-end=\"2308\">1 Karton = 10 Packungen \u00e0 23g<\/strong><br data-start=\"2308\" data-end=\"2311\" \/>\ud83d\udce6 <strong data-start=\"2314\" data-end=\"2362\">1 Palette = Kartonanzahl je nach Hersteller variabel<\/strong><\/p>\n","protected":false},"excerpt":{"rendered":"<p>\u2615 Latte verfeinert mit der s\u00fc\u00dfen Note von Karamell \u2013 Starbucks Caff\u00e8 Caramel Latte Premium Kaffeemischung 23g Starbucks&hellip;<\/p>\n","protected":false},"featured_media":6075,"comment_status":"open","ping_status":"closed","template":"","meta":[],"product_cat":[220,554],"product_tag":[],"class_list":{"0":"post-6085","1":"product","2":"type-product","3":"status-publish","4":"has-post-thumbnail","6":"product_cat-getranke","7":"product_cat-kaffee","9":"first","10":"instock","11":"taxable","12":"shipping-taxable","13":"purchasable","14":"product-type-variable"},"_links":{"self":[{"href":"https:\/\/alireis.com\/de\/wp-json\/wp\/v2\/product\/6085","targetHints":{"allow":["GET"]}}],"collection":[{"href":"https:\/\/alireis.com\/de\/wp-json\/wp\/v2\/product"}],"about":[{"href":"https:\/\/alireis.com\/de\/wp-json\/wp\/v2\/types\/product"}],"replies":[{"embeddable":true,"href":"https:\/\/alireis.com\/de\/wp-json\/wp\/v2\/comments?post=6085"}],"wp:featuredmedia":[{"embeddable":true,"href":"https:\/\/alireis.com\/de\/wp-json\/wp\/v2\/media\/6075"}],"wp:attachment":[{"href":"https:\/\/alireis.com\/de\/wp-json\/wp\/v2\/media?parent=6085"}],"wp:term":[{"taxonomy":"product_cat","embeddable":true,"href":"https:\/\/alireis.com\/de\/wp-json\/wp\/v2\/product_cat?post=6085"},{"taxonomy":"product_tag","embeddable":true,"href":"https:\/\/alireis.com\/de\/wp-json\/wp\/v2\/product_tag?post=6085"}],"curies":[{"name":"wp","href":"https:\/\/api.w.org\/{rel}","templated":true}]}}