{"id":5926,"date":"2025-08-22T16:22:37","date_gmt":"2025-08-22T13:22:37","guid":{"rendered":"https:\/\/alireis.com\/?post_type=product&#038;p=5926"},"modified":"2025-08-25T11:33:30","modified_gmt":"2025-08-25T08:33:30","slug":"snickers-erdnuss-milchschokoladenriegel-50-g","status":"publish","type":"product","link":"https:\/\/alireis.com\/de\/Shop\/snickers-erdnuss-milchschokoladenriegel-50-g\/","title":{"rendered":"Snickers Erdnuss-Milchschokoladenriegel 50 g"},"content":{"rendered":"<p data-start=\"594\" data-end=\"669\">\ud83e\udd5c Ein Snack, der Energie und Geschmack vereint \u2013 Snickers Schokolade 50g<\/p>\n<p data-start=\"671\" data-end=\"942\">Snickers, einer der weltweit beliebtesten Schokoriegel, bietet mit seiner praktischen 50g-Gr\u00f6\u00dfe schnelle Energie und Geschmack zugleich. Mit Erdn\u00fcssen, Karamell, Nougat und Milchschokoladen\u00fcberzug ist er ideal f\u00fcr Verbraucher, die einen s\u00e4ttigenden Snack suchen.<\/p>\n<p data-start=\"944\" data-end=\"1116\">Der Snickers 50g geh\u00f6rt mit seiner hohen Umschlagsh\u00e4ufigkeit zu den bevorzugten Produkten f\u00fcr Superm\u00e4rkte, Kioske, Caf\u00e9s und Verkaufsautomaten im Gro\u00dfhandel.<\/p>\n<hr data-start=\"1118\" data-end=\"1121\" \/>\n<h3 data-start=\"1123\" data-end=\"1145\">Produkteigenschaften<\/h3>\n<p data-start=\"1146\" data-end=\"1379\">\u2705 50g Einzelpackung \u2013 praktische Portionsgr\u00f6\u00dfe<br data-start=\"1187\" data-end=\"1190\" \/>\u2705 Harmonie aus Schokolade, Karamell, Erdn\u00fcssen und Nougat<br data-start=\"1235\" data-end=\"1238\" \/>\u2705 Energiespendende und s\u00e4ttigende Formel<br data-start=\"1271\" data-end=\"1274\" \/>\u2705 Garantiert durch die Marke Mars International<br data-start=\"1310\" data-end=\"1313\" \/>\u2705 Ideal f\u00fcr Superm\u00e4rkte, Kioske und Verkaufsautomaten<\/p>\n<hr data-start=\"1381\" data-end=\"1384\" \/>\n<h3 data-start=\"1386\" data-end=\"1403\">Zutaten<\/h3>\n<p data-start=\"1404\" data-end=\"1613\">Milchschokolade (Zucker, Kakaobutter, Kakaomasse, Milchpulver, Laktose, Molkepulver, Milchfett, Emulgator: Sojalecithin, nat\u00fcrliches Aroma), Glukosesirup, Erdn\u00fcsse, Karamell, Nougat, Salz, Aromastoffe.<\/p>\n<p data-start=\"1615\" data-end=\"1665\"><strong data-start=\"1615\" data-end=\"1635\">Allergenhinweis:<\/strong> Enth\u00e4lt Erdn\u00fcsse, Milch und Soja.<\/p>\n<hr data-start=\"1667\" data-end=\"1670\" \/>\n<h3 data-start=\"1672\" data-end=\"1705\">N\u00e4hrwerte (pro 100g)<\/h3>\n<div class=\"_tableContainer_sk2ct_1\">\n<div class=\"_tableWrapper_sk2ct_13 group flex w-fit flex-col-reverse\" tabindex=\"-1\">\n<table class=\"w-fit min-w-(--thread-content-width)\" data-start=\"1707\" data-end=\"1967\">\n<thead data-start=\"1707\" data-end=\"1736\">\n<tr data-start=\"1707\" data-end=\"1736\">\n<th data-start=\"1707\" data-end=\"1726\" data-col-size=\"sm\">N\u00e4hrstoff<\/th>\n<th data-start=\"1726\" data-end=\"1736\" data-col-size=\"sm\">Menge<\/th>\n<\/tr>\n<\/thead>\n<tbody data-start=\"1767\" data-end=\"1967\">\n<tr data-start=\"1767\" data-end=\"1798\">\n<td data-start=\"1767\" data-end=\"1786\" data-col-size=\"sm\">Energie<\/td>\n<td data-col-size=\"sm\" data-start=\"1786\" data-end=\"1798\">488 kcal<\/td>\n<\/tr>\n<tr data-start=\"1799\" data-end=\"1826\">\n<td data-start=\"1799\" data-end=\"1818\" data-col-size=\"sm\">Fett<\/td>\n<td data-col-size=\"sm\" data-start=\"1818\" data-end=\"1826\">23 g<\/td>\n<\/tr>\n<tr data-start=\"1827\" data-end=\"1853\">\n<td data-start=\"1827\" data-end=\"1846\" data-col-size=\"sm\">Ges\u00e4ttigte Fetts\u00e4uren<\/td>\n<td data-col-size=\"sm\" data-start=\"1846\" data-end=\"1853\">9 g<\/td>\n<\/tr>\n<tr data-start=\"1854\" data-end=\"1881\">\n<td data-start=\"1854\" data-end=\"1873\" data-col-size=\"sm\">Kohlenhydrate<\/td>\n<td data-col-size=\"sm\" data-start=\"1873\" data-end=\"1881\">61 g<\/td>\n<\/tr>\n<tr data-start=\"1882\" data-end=\"1909\">\n<td data-start=\"1882\" data-end=\"1901\" data-col-size=\"sm\">Zucker<\/td>\n<td data-col-size=\"sm\" data-start=\"1901\" data-end=\"1909\">51 g<\/td>\n<\/tr>\n<tr data-start=\"1910\" data-end=\"1936\">\n<td data-start=\"1910\" data-end=\"1929\" data-col-size=\"sm\">Eiwei\u00df<\/td>\n<td data-col-size=\"sm\" data-start=\"1929\" data-end=\"1936\">7 g<\/td>\n<\/tr>\n<tr data-start=\"1937\" data-end=\"1967\">\n<td data-start=\"1937\" data-end=\"1956\" data-col-size=\"sm\">Salz<\/td>\n<td data-col-size=\"sm\" data-start=\"1956\" data-end=\"1967\">0.3 g<\/td>\n<\/tr>\n<\/tbody>\n<\/table>\n<\/div>\n<\/div>\n<hr data-start=\"1969\" data-end=\"1972\" \/>\n<h3 data-start=\"1974\" data-end=\"1997\">Verzehrempfehlungen<\/h3>\n<p data-start=\"1998\" data-end=\"2162\">\u2714 Ideal f\u00fcr den schnellen Energiebedarf im Laufe des Tages<br data-start=\"2043\" data-end=\"2046\" \/>\u2714 Kann als Snack nach dem Sport verzehrt werden<br data-start=\"2090\" data-end=\"2093\" \/>\u2714 Genie\u00dft man zusammen mit Tee, Kaffee oder kalten Getr\u00e4nken<\/p>\n<hr data-start=\"2164\" data-end=\"2167\" \/>\n<h3 data-start=\"2169\" data-end=\"2187\">F\u00fcr wen?<\/h3>\n<p data-start=\"2188\" data-end=\"2343\">\ud83c\udf6b Schokoladenliebhaber<br data-start=\"2208\" data-end=\"2211\" \/>\ud83d\udcaa Aktive Menschen mit Energiebedarf<br data-start=\"2251\" data-end=\"2254\" \/>\ud83c\udfea Unternehmen, die ein Produkt mit hohem Verkaufspotenzial f\u00fcr Superm\u00e4rkte, Kioske und Verkaufsstellen suchen<\/p>\n<hr data-start=\"2345\" data-end=\"2348\" \/>\n<h3 data-start=\"2350\" data-end=\"2422\">Snickers Schokolade 50g im Gro\u00dfhandel \u2013 Vorteilspackungen und Palettenoptionen<\/h3>\n<p data-start=\"2423\" data-end=\"2517\">Snickers 50g ist dank hoher Kundennachfrage und schneller Verkaufszyklen ein unverzichtbares Regalprodukt.<\/p>\n<p data-start=\"2519\" data-end=\"2605\">\ud83d\udce6 <strong data-start=\"2522\" data-end=\"2555\">1 Karton = 24 St\u00fcck Snickers 50g<\/strong><br data-start=\"2555\" data-end=\"2558\" \/>\ud83d\udce6 <strong data-start=\"2561\" data-end=\"2603\">1 Palette = 108 Kartons (insgesamt 2.592 St\u00fcck)<\/strong><\/p>\n<p data-start=\"2607\" data-end=\"2720\">Durch den Gro\u00dfhandelskauf von Snickers k\u00f6nnen Sie die Rentabilit\u00e4t Ihres Unternehmens steigern und Ihren Kunden stets frische Ware anbieten.<\/p>\n","protected":false},"excerpt":{"rendered":"<p>\ud83e\udd5c Ein Snack, der Energie und Geschmack vereint \u2013 Snickers Schokolade 50g Snickers, einer der weltweit beliebtesten Schokoriegel,&hellip;<\/p>\n","protected":false},"featured_media":5830,"comment_status":"open","ping_status":"closed","template":"","meta":[],"product_cat":[217,474],"product_tag":[],"class_list":{"0":"post-5926","1":"product","2":"type-product","3":"status-publish","4":"has-post-thumbnail","6":"product_cat-imbisse-de","7":"product_cat-schokolade","9":"first","10":"instock","11":"taxable","12":"shipping-taxable","13":"purchasable","14":"product-type-variable"},"_links":{"self":[{"href":"https:\/\/alireis.com\/de\/wp-json\/wp\/v2\/product\/5926","targetHints":{"allow":["GET"]}}],"collection":[{"href":"https:\/\/alireis.com\/de\/wp-json\/wp\/v2\/product"}],"about":[{"href":"https:\/\/alireis.com\/de\/wp-json\/wp\/v2\/types\/product"}],"replies":[{"embeddable":true,"href":"https:\/\/alireis.com\/de\/wp-json\/wp\/v2\/comments?post=5926"}],"wp:featuredmedia":[{"embeddable":true,"href":"https:\/\/alireis.com\/de\/wp-json\/wp\/v2\/media\/5830"}],"wp:attachment":[{"href":"https:\/\/alireis.com\/de\/wp-json\/wp\/v2\/media?parent=5926"}],"wp:term":[{"taxonomy":"product_cat","embeddable":true,"href":"https:\/\/alireis.com\/de\/wp-json\/wp\/v2\/product_cat?post=5926"},{"taxonomy":"product_tag","embeddable":true,"href":"https:\/\/alireis.com\/de\/wp-json\/wp\/v2\/product_tag?post=5926"}],"curies":[{"name":"wp","href":"https:\/\/api.w.org\/{rel}","templated":true}]}}