{"id":5854,"date":"2025-08-23T10:51:53","date_gmt":"2025-08-23T07:51:53","guid":{"rendered":"https:\/\/alireis.com\/?post_type=product&#038;p=5854"},"modified":"2026-04-11T14:51:17","modified_gmt":"2026-04-11T11:51:17","slug":"twix-sutlu-karamelli-cikolata-bar-50-g","status":"publish","type":"product","link":"https:\/\/alireis.com\/de\/magaza\/twix-sutlu-karamelli-cikolata-bar-50-g\/","title":{"rendered":"Twix S\u00fctl\u00fc Karamelli \u00c7ikolata Bar 50 g"},"content":{"rendered":"<p data-start=\"49\" data-end=\"121\">\ud83c\udf6b \u00c7ikolata Keyfi ve Karamelin Bulu\u015fmas\u0131 \u2013 Twix S\u00fctl\u00fc \u00c7ikolata Bar 50g<\/p>\n<p data-start=\"123\" data-end=\"367\">Twix 50 graml\u0131k s\u00fctl\u00fc \u00e7ikolata bar, iki \u00e7\u0131t\u0131r bisk\u00fcvi \u00fczerine yo\u011fun karamel tabakas\u0131 ve s\u00fctl\u00fc \u00e7ikolata kaplamas\u0131yla \u00fcretilir. Hem doyurucu hem de tatl\u0131 ihtiyac\u0131n\u0131 kar\u015f\u0131layan yap\u0131s\u0131yla d\u00fcnyada en \u00e7ok tercih edilen \u00e7ikolata barlar\u0131ndan biridir.<\/p>\n<p data-start=\"369\" data-end=\"621\">Market, b\u00fcfe, kafe ve otomat makinelerinde y\u00fcksek sat\u0131\u015f d\u00f6ng\u00fcs\u00fcne sahip olan Twix 50g, t\u00fcketicilerin h\u0131zl\u0131 ve pratik tatl\u0131 at\u0131\u015ft\u0131rmal\u0131k tercihleri aras\u0131nda \u00f6ne \u00e7\u0131kar. Toptan sat\u0131\u015f imk\u00e2n\u0131 ile i\u015fletmeler i\u00e7in k\u00e2rl\u0131 ve g\u00fcvenilir bir stok se\u00e7ene\u011fi sunar.<\/p>\n<hr data-start=\"623\" data-end=\"626\" \/>\n<h3 data-start=\"628\" data-end=\"650\">\u00dcr\u00fcn \u00d6zellikleri<\/h3>\n<p data-start=\"651\" data-end=\"909\">\u2705 50g pratik paket \u2013 bireysel t\u00fcketim i\u00e7in ideal<br data-start=\"699\" data-end=\"702\" \/>\u2705 \u00c7\u0131t\u0131r bisk\u00fcvi, karamel ve s\u00fctl\u00fc \u00e7ikolata kaplamas\u0131n\u0131n uyumu<br data-start=\"763\" data-end=\"766\" \/>\u2705 D\u00fcnyaca \u00fcnl\u00fc Mars markas\u0131 g\u00fcvencesi<br data-start=\"803\" data-end=\"806\" \/>\u2705 Market, b\u00fcfe, kafe ve otomat makineleri i\u00e7in ideal \u00fcr\u00fcn<br data-start=\"863\" data-end=\"866\" \/>\u2705 Y\u00fcksek m\u00fc\u015fteri talebine sahip raf \u00fcr\u00fcn\u00fc<\/p>\n<hr data-start=\"911\" data-end=\"914\" \/>\n<h3 data-start=\"916\" data-end=\"933\">\u0130\u00e7indekiler<\/h3>\n<p data-start=\"934\" data-end=\"1236\">S\u00fctl\u00fc \u00c7ikolata (\u015feker, kakao ya\u011f\u0131, kakao kitlesi, ya\u011fs\u0131z s\u00fct tozu, laktoz, peynir alt\u0131 suyu tozu, s\u00fct ya\u011f\u0131, em\u00fclgat\u00f6r: soya lesitini, do\u011fal aroma), Bu\u011fday Unu, \u015eeker, Glikoz \u015eurubu, Palm Ya\u011f\u0131, Ya\u011fs\u0131z S\u00fct Tozu, Karamel, Kabart\u0131c\u0131lar (E500, E503), Tuz, Em\u00fclgat\u00f6r (E471, soya lesitini), Aroma Vericiler.<\/p>\n<p data-start=\"1238\" data-end=\"1330\"><strong data-start=\"1238\" data-end=\"1258\">Alerjen Uyar\u0131s\u0131:<\/strong> Gluten, s\u00fct ve soya i\u00e7erir. \u0130z miktarda f\u0131st\u0131k ve yumurta i\u00e7erebilir.<\/p>\n<hr data-start=\"1332\" data-end=\"1335\" \/>\n<h3 data-start=\"1337\" data-end=\"1370\">Besin De\u011ferleri (100g i\u00e7in)<\/h3>\n<div class=\"_tableContainer_sk2ct_1\">\n<div class=\"_tableWrapper_sk2ct_13 group flex w-fit flex-col-reverse\" tabindex=\"-1\">\n<table class=\"w-fit min-w-(--thread-content-width)\" data-start=\"1372\" data-end=\"1644\">\n<thead data-start=\"1372\" data-end=\"1401\">\n<tr data-start=\"1372\" data-end=\"1401\">\n<th data-start=\"1372\" data-end=\"1391\" data-col-size=\"sm\">Besin \u00d6\u011fesi<\/th>\n<th data-start=\"1391\" data-end=\"1401\" data-col-size=\"sm\">Miktar<\/th>\n<\/tr>\n<\/thead>\n<tbody data-start=\"1432\" data-end=\"1644\">\n<tr data-start=\"1432\" data-end=\"1463\">\n<td data-start=\"1432\" data-end=\"1451\" data-col-size=\"sm\">Enerji<\/td>\n<td data-col-size=\"sm\" data-start=\"1451\" data-end=\"1463\">492 kcal<\/td>\n<\/tr>\n<tr data-start=\"1464\" data-end=\"1493\">\n<td data-start=\"1464\" data-end=\"1483\" data-col-size=\"sm\">Ya\u011f<\/td>\n<td data-col-size=\"sm\" data-start=\"1483\" data-end=\"1493\">23.8 g<\/td>\n<\/tr>\n<tr data-start=\"1494\" data-end=\"1523\">\n<td data-start=\"1494\" data-end=\"1513\" data-col-size=\"sm\">Doymu\u015f Ya\u011f<\/td>\n<td data-col-size=\"sm\" data-start=\"1513\" data-end=\"1523\">13.4 g<\/td>\n<\/tr>\n<tr data-start=\"1524\" data-end=\"1553\">\n<td data-start=\"1524\" data-end=\"1543\" data-col-size=\"sm\">Karbonhidrat<\/td>\n<td data-col-size=\"sm\" data-start=\"1543\" data-end=\"1553\">66.3 g<\/td>\n<\/tr>\n<tr data-start=\"1554\" data-end=\"1583\">\n<td data-start=\"1554\" data-end=\"1573\" data-col-size=\"sm\">\u015eeker<\/td>\n<td data-col-size=\"sm\" data-start=\"1573\" data-end=\"1583\">49.5 g<\/td>\n<\/tr>\n<tr data-start=\"1584\" data-end=\"1612\">\n<td data-start=\"1584\" data-end=\"1603\" data-col-size=\"sm\">Protein<\/td>\n<td data-col-size=\"sm\" data-start=\"1603\" data-end=\"1612\">4.6 g<\/td>\n<\/tr>\n<tr data-start=\"1613\" data-end=\"1644\">\n<td data-start=\"1613\" data-end=\"1632\" data-col-size=\"sm\">Tuz<\/td>\n<td data-col-size=\"sm\" data-start=\"1632\" data-end=\"1644\">0.40 g<\/td>\n<\/tr>\n<\/tbody>\n<\/table>\n<\/div>\n<\/div>\n<hr data-start=\"1646\" data-end=\"1649\" \/>\n<h3 data-start=\"1651\" data-end=\"1674\">T\u00fcketim \u00d6nerileri<\/h3>\n<p data-start=\"1675\" data-end=\"1858\">\u2714 G\u00fcn\u00fcn her an\u0131nda tatl\u0131 ihtiyac\u0131n\u0131 kar\u015f\u0131lamak i\u00e7in ideal<br data-start=\"1732\" data-end=\"1735\" \/>\u2714 Kahve ve \u00e7ay ile birlikte lezzetli bir at\u0131\u015ft\u0131rmal\u0131k<br data-start=\"1788\" data-end=\"1791\" \/>\u2714 \u00c7\u0131t\u0131r bisk\u00fcvi ve karamel uyumuyla keyifli bir ara \u00f6\u011f\u00fcn se\u00e7ene\u011fi<\/p>\n<hr data-start=\"1860\" data-end=\"1863\" \/>\n<h3 data-start=\"1865\" data-end=\"1883\">Kimler \u0130\u00e7in?<\/h3>\n<p data-start=\"1884\" data-end=\"2056\">\ud83c\udf6b \u00c7ikolata ve karamel sevenler<br data-start=\"1915\" data-end=\"1918\" \/>\u2615 \u00c7ay ve kahve yan\u0131nda at\u0131\u015ft\u0131rmal\u0131k arayanlar<br data-start=\"1963\" data-end=\"1966\" \/>\ud83c\udfea Market, b\u00fcfe, kafe ve sat\u0131\u015f noktalar\u0131 i\u00e7in h\u0131zl\u0131 sirk\u00fclasyonlu \u00fcr\u00fcn arayan i\u015fletmeler<\/p>\n<hr data-start=\"2058\" data-end=\"2061\" \/>\n<h3 data-start=\"2063\" data-end=\"2141\">Toptan Twix S\u00fctl\u00fc \u00c7ikolata Bar 50g \u2013 Avantajl\u0131 Koli ve Palet Se\u00e7enekleri<\/h3>\n<p data-start=\"2142\" data-end=\"2271\">Twix 50g, d\u00fcnya genelinde geni\u015f kitlelere hitap eden pop\u00fcler bir \u00fcr\u00fcn olarak, sat\u0131\u015f noktalar\u0131nda y\u00fcksek m\u00fc\u015fteri talebi yarat\u0131r.<\/p>\n<p data-start=\"2273\" data-end=\"2355\">\ud83d\udce6 <strong data-start=\"2276\" data-end=\"2305\">1 Koli = 24 adet Twix 50g<\/strong><\/p>\n<p data-start=\"2357\" data-end=\"2504\">Toptan Twix \u00e7ikolata al\u0131mlar\u0131 ile i\u015fletmenizin stoklar\u0131n\u0131 g\u00fc\u00e7lendirebilir, m\u00fc\u015fterilerinize her zaman taze ve talep g\u00f6ren bir \u00fcr\u00fcn sunabilirsiniz.<\/p>\n","protected":false},"excerpt":{"rendered":"<p>\ud83c\udf6b \u00c7ikolata Keyfi ve Karamelin Bulu\u015fmas\u0131 \u2013 Twix S\u00fctl\u00fc \u00c7ikolata Bar 50g Twix 50 graml\u0131k s\u00fctl\u00fc \u00e7ikolata bar,&hellip;<\/p>\n","protected":false},"featured_media":5861,"comment_status":"open","ping_status":"closed","template":"","meta":[],"product_cat":[155,469],"product_tag":[481],"class_list":{"0":"post-5854","1":"product","2":"type-product","3":"status-publish","4":"has-post-thumbnail","6":"product_cat-atistirmaliklar","7":"product_cat-cikolata","8":"product_tag-twix","10":"first","11":"instock","12":"taxable","13":"shipping-taxable","14":"purchasable","15":"product-type-variable"},"_links":{"self":[{"href":"https:\/\/alireis.com\/de\/wp-json\/wp\/v2\/product\/5854","targetHints":{"allow":["GET"]}}],"collection":[{"href":"https:\/\/alireis.com\/de\/wp-json\/wp\/v2\/product"}],"about":[{"href":"https:\/\/alireis.com\/de\/wp-json\/wp\/v2\/types\/product"}],"replies":[{"embeddable":true,"href":"https:\/\/alireis.com\/de\/wp-json\/wp\/v2\/comments?post=5854"}],"wp:featuredmedia":[{"embeddable":true,"href":"https:\/\/alireis.com\/de\/wp-json\/wp\/v2\/media\/5861"}],"wp:attachment":[{"href":"https:\/\/alireis.com\/de\/wp-json\/wp\/v2\/media?parent=5854"}],"wp:term":[{"taxonomy":"product_cat","embeddable":true,"href":"https:\/\/alireis.com\/de\/wp-json\/wp\/v2\/product_cat?post=5854"},{"taxonomy":"product_tag","embeddable":true,"href":"https:\/\/alireis.com\/de\/wp-json\/wp\/v2\/product_tag?post=5854"}],"curies":[{"name":"wp","href":"https:\/\/api.w.org\/{rel}","templated":true}]}}