{"id":5202,"date":"2025-04-11T15:44:38","date_gmt":"2025-04-11T12:44:38","guid":{"rendered":"https:\/\/www.alireis.com\/?post_type=product&#038;p=5202"},"modified":"2025-10-10T13:53:35","modified_gmt":"2025-10-10T10:53:35","slug":"red-bull-enerji-icecegi-250-ml-24lu","status":"publish","type":"product","link":"https:\/\/alireis.com\/de\/Shop\/red-bull-enerji-icecegi-250-ml-24lu\/","title":{"rendered":"Red Bull Energy Drink 250 ml 24er-Pack"},"content":{"rendered":"<h3 data-start=\"70\" data-end=\"113\"><strong data-start=\"70\" data-end=\"113\">Red Bull Dose 250 ml Gro\u00dfpackung (24er-Pack)<\/strong><\/h3>\n<p class=\"\" data-start=\"115\" data-end=\"421\"><strong data-start=\"115\" data-end=\"147\">Red Bull 250 ml Energydrink<\/strong>, bekannt f\u00fcr seine hochwertigen Zutaten, ist ein Getr\u00e4nk, das an hektischen, schnellen Tagen die n\u00f6tige Energie liefert. Bevorzugt von Sportlern, Studenten, Menschen mit intensiven Zeitpl\u00e4nen und Fernfahrern \u2013 Red Bull tr\u00e4gt zur Steigerung der geistigen und k\u00f6rperlichen Leistungsf\u00e4higkeit bei.<\/p>\n<p class=\"\" data-start=\"423\" data-end=\"661\">Diese Packung ist eine ideale L\u00f6sung f\u00fcr Gro\u00dfeink\u00e4ufe und bietet eine kosteng\u00fcnstige Option f\u00fcr Einzelh\u00e4ndler und Unternehmen mit hohem Verbrauch. Dank der praktischen Dosenverpackung ist sie leicht zu lagern und jederzeit mitnehmbar.<\/p>\n<hr class=\"\" data-start=\"663\" data-end=\"666\" \/>\n<p class=\"\" data-start=\"668\" data-end=\"704\"><strong data-start=\"668\" data-end=\"704\">N\u00e4hrwertangaben (pro 100 ml):<\/strong><\/p>\n<ul data-start=\"706\" data-end=\"900\">\n<li class=\"\" data-start=\"706\" data-end=\"738\">\n<p class=\"\" data-start=\"708\" data-end=\"738\"><strong data-start=\"708\" data-end=\"719\">Energie:<\/strong> 194 kJ \/ 46 kcal<\/p>\n<\/li>\n<li class=\"\" data-start=\"739\" data-end=\"784\">\n<p class=\"\" data-start=\"741\" data-end=\"755\"><strong data-start=\"741\" data-end=\"749\">Fett:<\/strong> 0 g<\/p>\n<ul data-start=\"758\" data-end=\"784\">\n<li class=\"\" data-start=\"758\" data-end=\"784\">\n<p class=\"\" data-start=\"760\" data-end=\"784\"><strong data-start=\"760\" data-end=\"778\">Ges\u00e4ttigte Fetts\u00e4uren:<\/strong> 0 g<\/p>\n<\/li>\n<\/ul>\n<\/li>\n<li class=\"\" data-start=\"785\" data-end=\"835\">\n<p class=\"\" data-start=\"787\" data-end=\"812\"><strong data-start=\"787\" data-end=\"805\">Kohlenhydrate:<\/strong> 11 g<\/p>\n<ul data-start=\"815\" data-end=\"835\">\n<li class=\"\" data-start=\"815\" data-end=\"835\">\n<p class=\"\" data-start=\"817\" data-end=\"835\"><strong data-start=\"817\" data-end=\"828\">Zucker:<\/strong> 11 g<\/p>\n<\/li>\n<\/ul>\n<\/li>\n<li class=\"\" data-start=\"836\" data-end=\"856\">\n<p class=\"\" data-start=\"838\" data-end=\"856\"><strong data-start=\"838\" data-end=\"850\">Eiwei\u00df:<\/strong> 0 g<\/p>\n<\/li>\n<li class=\"\" data-start=\"857\" data-end=\"876\">\n<p class=\"\" data-start=\"859\" data-end=\"876\"><strong data-start=\"859\" data-end=\"868\">Salz:<\/strong> 0,1 g<\/p>\n<\/li>\n<li class=\"\" data-start=\"877\" data-end=\"900\">\n<p class=\"\" data-start=\"879\" data-end=\"900\"><strong data-start=\"879\" data-end=\"892\">Koffein:<\/strong> 32 mg<\/p>\n<\/li>\n<\/ul>\n<hr class=\"\" data-start=\"902\" data-end=\"905\" \/>\n<p class=\"\" data-start=\"907\" data-end=\"1158\">Red Bull bietet ein erfrischendes Erlebnis dank seiner speziellen Formel mit Taurin, Koffein, B-Vitaminen und Zucker und hat kurzfristig positive Auswirkungen auf die geistige und k\u00f6rperliche Leistungsf\u00e4higkeit. Gek\u00fchlt serviert ist es noch erfrischender.<\/p>\n","protected":false},"excerpt":{"rendered":"<p>Red Bull Dose 250 ml Gro\u00dfpackung (24er-Pack) Red Bull 250 ml Energydrink, bekannt f\u00fcr seine hochwertigen Zutaten, ist&hellip;<\/p>\n","protected":false},"featured_media":5179,"comment_status":"open","ping_status":"closed","template":"","meta":[],"product_cat":[220],"product_tag":[440],"class_list":{"0":"post-5202","1":"product","2":"type-product","3":"status-publish","4":"has-post-thumbnail","6":"product_cat-getranke","7":"product_tag-red-bull-de","9":"first","10":"instock","11":"taxable","12":"shipping-taxable","13":"purchasable","14":"product-type-variable"},"_links":{"self":[{"href":"https:\/\/alireis.com\/de\/wp-json\/wp\/v2\/product\/5202","targetHints":{"allow":["GET"]}}],"collection":[{"href":"https:\/\/alireis.com\/de\/wp-json\/wp\/v2\/product"}],"about":[{"href":"https:\/\/alireis.com\/de\/wp-json\/wp\/v2\/types\/product"}],"replies":[{"embeddable":true,"href":"https:\/\/alireis.com\/de\/wp-json\/wp\/v2\/comments?post=5202"}],"wp:featuredmedia":[{"embeddable":true,"href":"https:\/\/alireis.com\/de\/wp-json\/wp\/v2\/media\/5179"}],"wp:attachment":[{"href":"https:\/\/alireis.com\/de\/wp-json\/wp\/v2\/media?parent=5202"}],"wp:term":[{"taxonomy":"product_cat","embeddable":true,"href":"https:\/\/alireis.com\/de\/wp-json\/wp\/v2\/product_cat?post=5202"},{"taxonomy":"product_tag","embeddable":true,"href":"https:\/\/alireis.com\/de\/wp-json\/wp\/v2\/product_tag?post=5202"}],"curies":[{"name":"wp","href":"https:\/\/api.w.org\/{rel}","templated":true}]}}