{"id":5041,"date":"2024-12-05T14:41:53","date_gmt":"2024-12-05T11:41:53","guid":{"rendered":"https:\/\/www.alireis.com\/?post_type=product&#038;p=5041"},"modified":"2024-12-05T15:00:32","modified_gmt":"2024-12-05T12:00:32","slug":"kahve-duenyasi-2-in-1-klassischer-instantkaffee","status":"publish","type":"product","link":"https:\/\/alireis.com\/de\/Shop\/kahve-duenyasi-2-in-1-klassischer-instantkaffee\/","title":{"rendered":"Kahve D\u00fcnyasi 2-in-1 Klassischer Instantkaffee"},"content":{"rendered":"<p><strong>Kahve D\u00fcnyasi 2-in-1 Klassischer Instantkaffee (40er Packung)<\/strong><\/p>\n<p>F\u00fcr ein schnelles, praktisches und leckeres Kaffeeerlebnis: Kahve D\u00fcnyasi 2-in-1 Klassischer Instantkaffee! Dieses Produkt wird durch die perfekte Mischung aus Kaffee und Sahne zubereitet und bietet ein intensives Kaffeearoma.<\/p>\n<h3><strong>Produkteigenschaften:<\/strong><\/h3>\n<ul>\n<li><strong>Einfache Handhabung<\/strong>: Ideal f\u00fcr alle, die schnell Kaffee zubereiten m\u00f6chten. Dank der zuckerfreien Formel k\u00f6nnen Sie die gew\u00fcnschte Menge Zucker hinzuf\u00fcgen.<\/li>\n<li><strong>Verpackung<\/strong>: 40er Packung mit 12 g Einzelportionen.<\/li>\n<li><strong>Geschmack und cremige Textur<\/strong>: Eine speziell entwickelte Mischung f\u00fcr Kaffeeliebhaber.<\/li>\n<\/ul>\n<h3><strong>Inhaltsangaben:<\/strong><\/h3>\n<p>Kaffeewei\u00dfer (Glukosesirup, vollst\u00e4ndig geh\u00e4rtetes Pflanzenfett [Kokosnuss], Stabilisatoren [Natriumpolyphosphat, Diphosphat-Kalium], Milchprotein, Emulgator [Mono- und Diglyceride von Fetts\u00e4uren], Antiklumpmittel [Siliziumdioxid]), l\u00f6slicher Kaffee.<\/p>\n<h3><strong>Allergenhinweis:<\/strong><\/h3>\n<ul>\n<li>Enth\u00e4lt Milchprodukte.<\/li>\n<li>Kann Spuren von Sojaprodukten enthalten.<\/li>\n<\/ul>\n<h3><strong>N\u00e4hrwertangaben (pro 100 g):<\/strong><\/h3>\n<ul>\n<li><strong>Energie<\/strong>: 502 kcal \/ (kJ)<\/li>\n<li><strong>Fett<\/strong>: 26,4 g\n<ul>\n<li>Ges\u00e4ttigte Fetts\u00e4uren: 26,4 g<\/li>\n<li>Unges\u00e4ttigte Fetts\u00e4uren: 0 g<\/li>\n<\/ul>\n<\/li>\n<li><strong>Kohlenhydrate<\/strong>: 61,5 g\n<ul>\n<li>Zucker: 19,4 g<\/li>\n<\/ul>\n<\/li>\n<li><strong>Ballaststoffe<\/strong>: 0 g<\/li>\n<li><strong>Eiwei\u00df<\/strong>: 4,7 g<\/li>\n<li><strong>Salz<\/strong>: 1,2 g<\/li>\n<\/ul>\n<h3><strong>Warum Kahve D\u00fcnyasi 2-in-1?<\/strong><\/h3>\n<p>Die beste Wahl f\u00fcr schnellen und leckeren Kaffeegenuss, den Sie nach Ihren Zuckerpr\u00e4ferenzen anpassen k\u00f6nnen! In 40er Packungen erh\u00e4ltlich, damit Sie jederzeit darauf zugreifen k\u00f6nnen.<\/p>\n<p>Wenn Sie Ihren Kaffee schnell und praktisch genie\u00dfen m\u00f6chten, ist Kahve D\u00fcnyasi 2-in-1 Klassischer Instantkaffee genau das Richtige f\u00fcr Sie!<\/p>\n","protected":false},"excerpt":{"rendered":"<p>Kahve D\u00fcnyasi 2-in-1 Klassischer Instantkaffee (40er Packung) F\u00fcr ein schnelles, praktisches und leckeres Kaffeeerlebnis: Kahve D\u00fcnyasi 2-in-1 Klassischer&hellip;<\/p>\n","protected":false},"featured_media":5017,"comment_status":"open","ping_status":"closed","template":"","meta":[],"product_cat":[220,554],"product_tag":[274],"class_list":{"0":"post-5041","1":"product","2":"type-product","3":"status-publish","4":"has-post-thumbnail","6":"product_cat-getranke","7":"product_cat-kaffee","8":"product_tag-kahve-duenyasi","10":"first","11":"outofstock","12":"taxable","13":"shipping-taxable","14":"purchasable","15":"product-type-variable"},"_links":{"self":[{"href":"https:\/\/alireis.com\/de\/wp-json\/wp\/v2\/product\/5041","targetHints":{"allow":["GET"]}}],"collection":[{"href":"https:\/\/alireis.com\/de\/wp-json\/wp\/v2\/product"}],"about":[{"href":"https:\/\/alireis.com\/de\/wp-json\/wp\/v2\/types\/product"}],"replies":[{"embeddable":true,"href":"https:\/\/alireis.com\/de\/wp-json\/wp\/v2\/comments?post=5041"}],"wp:featuredmedia":[{"embeddable":true,"href":"https:\/\/alireis.com\/de\/wp-json\/wp\/v2\/media\/5017"}],"wp:attachment":[{"href":"https:\/\/alireis.com\/de\/wp-json\/wp\/v2\/media?parent=5041"}],"wp:term":[{"taxonomy":"product_cat","embeddable":true,"href":"https:\/\/alireis.com\/de\/wp-json\/wp\/v2\/product_cat?post=5041"},{"taxonomy":"product_tag","embeddable":true,"href":"https:\/\/alireis.com\/de\/wp-json\/wp\/v2\/product_tag?post=5041"}],"curies":[{"name":"wp","href":"https:\/\/api.w.org\/{rel}","templated":true}]}}