{"id":4911,"date":"2024-10-22T13:41:26","date_gmt":"2024-10-22T10:41:26","guid":{"rendered":"https:\/\/www.alireis.com\/magaza\/cola-turka-dosen-cola-24x330-ml\/"},"modified":"2024-10-22T13:41:26","modified_gmt":"2024-10-22T10:41:26","slug":"cola-turka-dosen-cola-24x330-ml","status":"publish","type":"product","link":"https:\/\/alireis.com\/de\/Shop\/cola-turka-dosen-cola-24x330-ml\/","title":{"rendered":"Cola Turka Dosen-Cola 24&#215;330 ml"},"content":{"rendered":"<h3><strong>Cola Turka Gro\u00dfpackung 330 ml Dose (24er Pack)<\/strong><\/h3>\n<p><strong>Cola Turka 330 ml Dose in Gro\u00dfpackung<\/strong> bietet als lokale Cola-Marke der T\u00fcrkei besonders bei Gro\u00dfk\u00e4ufen wirtschaftliche Vorteile. Gek\u00fchlt genossen entfaltet dieses kohlens\u00e4urehaltige Getr\u00e4nk seinen vollen Geschmack und ist an hei\u00dfen Sommertagen oder als erfrischende Alternative zu Mahlzeiten eine bevorzugte Wahl.  Dank der Gro\u00dfhandelsoption ist es ideal f\u00fcr Restaurants, Caf\u00e9s und gro\u00dfe Veranstaltungen.<\/p>\n<h4><strong>N\u00e4hrwertangaben (f\u00fcr 100 ml):<\/strong><\/h4>\n<ul>\n<li><strong>Fett:<\/strong> 0 gr<\/li>\n<li><strong>Eiwei\u00df:<\/strong> 0 gr<\/li>\n<li><strong>Zucker:<\/strong> 5,2 gr<\/li>\n<li><strong>Kohlenhydrate:<\/strong> 5,2 gr<\/li>\n<li><strong>Energie:<\/strong> 21 kcal<\/li>\n<\/ul>\n<p><strong>Cola Turka<\/strong> bietet mit seinem niedrigen Fett- und Eiwei\u00dfgehalt ein leichtes Getr\u00e4nk, w\u00e4hrend Zucker- und Kohlenhydratwerte ausgewogen formuliert sind. Besonders durch die Gro\u00dfhandelsoptionen kann diese Cola jederzeit zu Hause, am Arbeitsplatz oder bei Veranstaltungen zur Verf\u00fcgung stehen. Als wirtschaftliche und praktische L\u00f6sung f\u00fcr sowohl den individuellen Konsum als auch f\u00fcr Unternehmen hebt sich Cola Turka als eine Wahl hervor, die jedem Geschmack gerecht wird. Durch den Gro\u00dfkauf k\u00f6nnen Sie Kosten senken und Ihren G\u00e4sten oder Kunden stets ein erfrischendes Getr\u00e4nk anbieten.  <\/p>\n","protected":false},"excerpt":{"rendered":"<p>Cola Turka Gro\u00dfpackung 330 ml Dose (24er Pack) Cola Turka 330 ml Dose in Gro\u00dfpackung bietet als lokale&hellip;<\/p>\n","protected":false},"featured_media":4762,"comment_status":"open","ping_status":"closed","template":"","meta":[],"product_cat":[220,431],"product_tag":[255],"class_list":{"0":"post-4911","1":"product","2":"type-product","3":"status-publish","4":"has-post-thumbnail","6":"product_cat-getranke","7":"product_cat-kohlensaurehaltige-getranke","8":"product_tag-cola-turka-de","10":"first","11":"instock","12":"taxable","13":"shipping-taxable","14":"purchasable","15":"product-type-variable"},"_links":{"self":[{"href":"https:\/\/alireis.com\/de\/wp-json\/wp\/v2\/product\/4911","targetHints":{"allow":["GET"]}}],"collection":[{"href":"https:\/\/alireis.com\/de\/wp-json\/wp\/v2\/product"}],"about":[{"href":"https:\/\/alireis.com\/de\/wp-json\/wp\/v2\/types\/product"}],"replies":[{"embeddable":true,"href":"https:\/\/alireis.com\/de\/wp-json\/wp\/v2\/comments?post=4911"}],"wp:featuredmedia":[{"embeddable":true,"href":"https:\/\/alireis.com\/de\/wp-json\/wp\/v2\/media\/4762"}],"wp:attachment":[{"href":"https:\/\/alireis.com\/de\/wp-json\/wp\/v2\/media?parent=4911"}],"wp:term":[{"taxonomy":"product_cat","embeddable":true,"href":"https:\/\/alireis.com\/de\/wp-json\/wp\/v2\/product_cat?post=4911"},{"taxonomy":"product_tag","embeddable":true,"href":"https:\/\/alireis.com\/de\/wp-json\/wp\/v2\/product_tag?post=4911"}],"curies":[{"name":"wp","href":"https:\/\/api.w.org\/{rel}","templated":true}]}}