{"id":4836,"date":"2024-10-01T09:02:35","date_gmt":"2024-10-01T06:02:35","guid":{"rendered":"https:\/\/www.alireis.com\/magaza\/kahve-duenyasi-mini-gofrik-milky-125g-x-10-stueck\/"},"modified":"2024-10-01T09:02:35","modified_gmt":"2024-10-01T06:02:35","slug":"kahve-duenyasi-mini-gofrik-milky-125g-x-10-stueck","status":"publish","type":"product","link":"https:\/\/alireis.com\/de\/Shop\/kahve-duenyasi-mini-gofrik-milky-125g-x-10-stueck\/","title":{"rendered":"Kahve D\u00fcnyas\u0131 Mini Gofrik Milky (12,5g x 10 St\u00fcck)"},"content":{"rendered":"<h3><strong>Kahve D\u00fcnyas\u0131 Mini Gofrik Milky (12,5g x 10 St\u00fcck)<\/strong><\/h3>\n<h4><strong>Nicht Waffel, sondern GOFRIK, eine knusprige Geschmacksrichtung von Kahve D\u00fcnyas\u0131 <\/strong><\/h4>\n<p>Gofrik, die einzigartige Geschmacksrichtung von Kahve D\u00fcnyas\u0131, gibt es jetzt im Miniformat! Mini Gofrik, bei dem Pistazienpaste und Pistazien mit k\u00f6stlicher Milchschokolade kombiniert werden, wird Sie mit seinen knusprigen Waffelschichten bei jedem Biss gl\u00fccklich machen. Diese spezielle Serie von 10 Minipackungen \u00e0 12,5 g ist ideal f\u00fcr alle, die einen praktischen Snack suchen. Ob zum Tee oder in der Kaffeepause, der Geschmack von Gofrik ist immer dabei!   <\/p>\n<p><strong>Produkt Inhalt:<\/strong><\/p>\n<ul>\n<li><strong>Vollmilchschokolade (47%)<\/strong>: Zucker, Kakaobutter, Vollmilchpulver, Kakaomasse, Magermilchpulver und Aromen (Vanillin). Die Kakaotrockenmasse hat einen Mindestgehalt von 34%. <\/li>\n<li><strong>Pistazienpaste (31%)<\/strong>: 37% Pistazienp\u00fcree, Zucker, Maltodextrin, Magermilchpulver, Kokosnuss\u00f6l, Molkenpulver und Emulgator.<\/li>\n<li><strong>Waffelschichten<\/strong>: Hergestellt aus Weizenmehl (enth\u00e4lt Gluten), Sonnenblumen\u00f6l, Kakaopulver und Backtriebmittel.<\/li>\n<li><strong>Pistazienst\u00fccke (12%)<\/strong>: Pistazienst\u00fccke, die den Geschmack in jedem Bissen auf die Spitze treiben.<\/li>\n<\/ul>\n<p><strong>Allergen-Warnung:<\/strong> Dieses Produkt enth\u00e4lt Soja, Milchbestandteile, Gluten und Pistazien. Es kann auch Spuren von Haseln\u00fcssen, Mandeln, Erdn\u00fcssen und Eiern enthalten. <\/p>\n<p><strong>Warum sollten Sie Mini Gofrik bevorzugen?<\/strong><\/p>\n<ul>\n<li><strong>Kleine Verpackung, gro\u00dfer Geschmack:<\/strong> Lernen Sie den einzigartigen Geschmack von Gofrik mit Pistazie und Milchschokolade in jedem Bissen kennen.<\/li>\n<li><strong>Praktisch und tragbar:<\/strong> Mit seiner Mini-Gr\u00f6\u00dfe, k\u00f6nnen Sie es leicht in Ihrer Tasche, im B\u00fcro oder auf Reisen tragen.<\/li>\n<li><strong>Gro\u00dfhandelsvorteil: <\/strong>Erschwinglicher Preisvorteil bei Gro\u00dfeink\u00e4ufen mit 10er-Packs.<\/li>\n<\/ul>\n<h4><strong>Verkaufsmodalit\u00e4ten:<\/strong><\/h4>\n<ul>\n<li><strong>Anzahl der Boxen: <\/strong>10 x 12,5g<\/li>\n<li><strong>Optionen f\u00fcr den Gro\u00dfhandel:<\/strong> Attraktive Preise f\u00fcr kleine und gro\u00dfe Unternehmen mit unserem Einzel-, Paket- und Palettenverkauf.<\/li>\n<\/ul>\n<p>Mini Gofrik S\u00fctl\u00fc ist die schnellste L\u00f6sung f\u00fcr Ihren Dessertbedarf! Bestellen Sie dieses Produkt, das mit der Geschmacksgarantie von Kahve D\u00fcnyas\u0131 angeboten wird, und nutzen Sie die Vorteile des Gro\u00dfhandelseinkaufs. Steigern Sie Ihren Umsatz und die Kundenzufriedenheit mit Gofrik-Geschmack!  <\/p>\n","protected":false},"excerpt":{"rendered":"<p>Kahve D\u00fcnyas\u0131 Mini Gofrik Milky (12,5g x 10 St\u00fcck) Nicht Waffel, sondern GOFRIK, eine knusprige Geschmacksrichtung von Kahve&hellip;<\/p>\n","protected":false},"featured_media":4203,"comment_status":"open","ping_status":"closed","template":"","meta":[],"product_cat":[338,217],"product_tag":[243,274],"class_list":{"0":"post-4836","1":"product","2":"type-product","3":"status-publish","4":"has-post-thumbnail","6":"product_cat-kahve-dunyasi-de","7":"product_cat-imbisse-de","8":"product_tag-gofrik-de","9":"product_tag-kahve-duenyasi","11":"first","12":"outofstock","13":"taxable","14":"shipping-taxable","15":"purchasable","16":"product-type-variable"},"_links":{"self":[{"href":"https:\/\/alireis.com\/de\/wp-json\/wp\/v2\/product\/4836","targetHints":{"allow":["GET"]}}],"collection":[{"href":"https:\/\/alireis.com\/de\/wp-json\/wp\/v2\/product"}],"about":[{"href":"https:\/\/alireis.com\/de\/wp-json\/wp\/v2\/types\/product"}],"replies":[{"embeddable":true,"href":"https:\/\/alireis.com\/de\/wp-json\/wp\/v2\/comments?post=4836"}],"wp:featuredmedia":[{"embeddable":true,"href":"https:\/\/alireis.com\/de\/wp-json\/wp\/v2\/media\/4203"}],"wp:attachment":[{"href":"https:\/\/alireis.com\/de\/wp-json\/wp\/v2\/media?parent=4836"}],"wp:term":[{"taxonomy":"product_cat","embeddable":true,"href":"https:\/\/alireis.com\/de\/wp-json\/wp\/v2\/product_cat?post=4836"},{"taxonomy":"product_tag","embeddable":true,"href":"https:\/\/alireis.com\/de\/wp-json\/wp\/v2\/product_tag?post=4836"}],"curies":[{"name":"wp","href":"https:\/\/api.w.org\/{rel}","templated":true}]}}