{"id":4750,"date":"2024-10-21T17:39:04","date_gmt":"2024-10-21T14:39:04","guid":{"rendered":"https:\/\/www.alireis.com\/magaza\/sirma-vitamin-c-mango-ananas-geschmack-natuerliches-mineralwasser\/"},"modified":"2024-10-21T17:39:04","modified_gmt":"2024-10-21T14:39:04","slug":"sirma-vitamin-c-mango-ananas-geschmack-natuerliches-mineralwasser","status":"publish","type":"product","link":"https:\/\/alireis.com\/de\/Shop\/sirma-vitamin-c-mango-ananas-geschmack-natuerliches-mineralwasser\/","title":{"rendered":"S\u0131rma Vitamin C Mango-Ananas-Geschmack Nat\u00fcrliches Mineralwasser"},"content":{"rendered":"<h3><strong>S\u0131rma Nat\u00fcrliches Mineralwasser mit Mango &amp; Ananas-Geschmack und Vitamin C<\/strong><\/h3>\n<p><strong>Menge<\/strong>: 200 ml (Packung mit 24 St\u00fcck) S\u0131rma Nat\u00fcrliches Mineralwasser mit Mango &amp; Ananas-Geschmack und Vitamin C kombiniert den erfrischenden Geschmack tropischer Fr\u00fcchte mit der erfrischenden Wirkung von nat\u00fcrlichem Mineralwasser. Der s\u00fc\u00dfe und exotische Geschmack von Mango und Ananas wird durch Vitamin C erg\u00e4nzt, um den t\u00e4glichen Bedarf des K\u00f6rpers zu decken. Dieses Produkt ist ideal f\u00fcr alle, die auf der Suche nach einem gesunden und schmackhaften Getr\u00e4nk sind.<\/p>\n<h4><strong>N\u00e4hrwertangaben (f\u00fcr 100 ml):<\/strong><\/h4>\n<ul>\n<li><strong>Energie<\/strong>: 54 kJ \/ 13 kcal<\/li>\n<li><strong>\u00d6l<\/strong>: 0,0 g<\/li>\n<li><strong>Ges\u00e4ttigtes Fett<\/strong>: 0,0 g<\/li>\n<li><strong>Kohlenhydrate <\/strong>3,2 g<\/li>\n<li><strong>Zucker <\/strong>2,9 g<\/li>\n<li><strong>Protein<\/strong>: 0,0 g<\/li>\n<li><strong>Salz<\/strong>: 0,05 g<\/li>\n<\/ul>\n<p>S\u0131rma Mineralwasser mit Mango- und Ananasgeschmack und Vitamin C ist eine leichte Getr\u00e4nkealternative mit niedrigem Kalorien- und Null-Fettgehalt. Dank seiner nat\u00fcrlichen Fruchtaromen und seiner ausgewogenen Zuckerzusammensetzung kann es Ihren S\u00fc\u00dfigkeitsbedarf decken und gleichzeitig den Fl\u00fcssigkeits- und Mineralstoffhaushalt des K\u00f6rpers aufrechterhalten. Es hat einen sehr niedrigen Salzgehalt und enth\u00e4lt kein Eiwei\u00df, was das Produkt leicht und erfrischend macht. Dieses Getr\u00e4nk eignet sich hervorragend zur Abk\u00fchlung bei hei\u00dfem Wetter oder um Ihren Mahlzeiten einen tropischen Touch zu verleihen und deckt zudem Ihren t\u00e4glichen Vitamin-C-Bedarf.  <\/p>\n","protected":false},"excerpt":{"rendered":"<p>S\u0131rma Nat\u00fcrliches Mineralwasser mit Mango &amp; Ananas-Geschmack und Vitamin C Menge: 200 ml (Packung mit 24 St\u00fcck) S\u0131rma&hellip;<\/p>\n","protected":false},"featured_media":4726,"comment_status":"open","ping_status":"closed","template":"","meta":[],"product_cat":[316,220,431],"product_tag":[308],"class_list":{"0":"post-4750","1":"product","2":"type-product","3":"status-publish","4":"has-post-thumbnail","6":"product_cat-sirma-de","7":"product_cat-getranke","8":"product_cat-kohlensaurehaltige-getranke","9":"product_tag-sirma-soda-de","11":"first","12":"outofstock","13":"taxable","14":"shipping-taxable","15":"purchasable","16":"product-type-variable"},"_links":{"self":[{"href":"https:\/\/alireis.com\/de\/wp-json\/wp\/v2\/product\/4750","targetHints":{"allow":["GET"]}}],"collection":[{"href":"https:\/\/alireis.com\/de\/wp-json\/wp\/v2\/product"}],"about":[{"href":"https:\/\/alireis.com\/de\/wp-json\/wp\/v2\/types\/product"}],"replies":[{"embeddable":true,"href":"https:\/\/alireis.com\/de\/wp-json\/wp\/v2\/comments?post=4750"}],"wp:featuredmedia":[{"embeddable":true,"href":"https:\/\/alireis.com\/de\/wp-json\/wp\/v2\/media\/4726"}],"wp:attachment":[{"href":"https:\/\/alireis.com\/de\/wp-json\/wp\/v2\/media?parent=4750"}],"wp:term":[{"taxonomy":"product_cat","embeddable":true,"href":"https:\/\/alireis.com\/de\/wp-json\/wp\/v2\/product_cat?post=4750"},{"taxonomy":"product_tag","embeddable":true,"href":"https:\/\/alireis.com\/de\/wp-json\/wp\/v2\/product_tag?post=4750"}],"curies":[{"name":"wp","href":"https:\/\/api.w.org\/{rel}","templated":true}]}}