{"id":4714,"date":"2024-10-21T14:32:18","date_gmt":"2024-10-21T11:32:18","guid":{"rendered":"https:\/\/www.alireis.com\/magaza\/sirma-natuerliches-mineralwasser-mit-mandarinengeschmack-und-vitamin-c\/"},"modified":"2024-10-21T14:32:18","modified_gmt":"2024-10-21T11:32:18","slug":"sirma-natuerliches-mineralwasser-mit-mandarinengeschmack-und-vitamin-c","status":"publish","type":"product","link":"https:\/\/alireis.com\/de\/Shop\/sirma-natuerliches-mineralwasser-mit-mandarinengeschmack-und-vitamin-c\/","title":{"rendered":"S\u0131rma Nat\u00fcrliches Mineralwasser mit Mandarinengeschmack und Vitamin C"},"content":{"rendered":"<h3><strong>S\u0131rma Nat\u00fcrliches Mineralwasser mit Mandarinengeschmack und Vitamin C<\/strong><\/h3>\n<p><strong>Menge<\/strong>: 200 ml S\u0131rma Vitamin C Mandarine Flavoured Natural Mineral Water kombiniert die erfrischende Wirkung von nat\u00fcrlichem Mineralwasser mit Mandarinengeschmack und Vitamin C. Mit seinem erfrischenden Mandarinengeschmack spendet es Energie und ist gleichzeitig ein angenehmes Getr\u00e4nk. Es ist ein ideales Getr\u00e4nk f\u00fcr alle, die eine k\u00f6stliche M\u00f6glichkeit suchen, sich den ganzen Tag \u00fcber mit Vitamin C zu versorgen.<\/p>\n<h4><strong>N\u00e4hrwertangaben (f\u00fcr 100 ml):<\/strong><\/h4>\n<ul>\n<li><strong>Energie<\/strong>: 61 kJ \/ 14 kcal<\/li>\n<li><strong>\u00d6l<\/strong>: 0,0 g<\/li>\n<li><strong>Ges\u00e4ttigtes Fett<\/strong>: 0,0 g<\/li>\n<li><strong>Kohlenhydrate <\/strong>3,5 g<\/li>\n<li><strong>Zucker <\/strong>3,5 g<\/li>\n<li><strong>Protein<\/strong>: 0,0 g<\/li>\n<li><strong>Salz<\/strong>: 0,05 g<\/li>\n<\/ul>\n<p>Dieses Getr\u00e4nk, das die Vorteile von nat\u00fcrlichem Mineralwasser mit der Unterst\u00fctzung von Vitamin C bereichert, ist mit seinem geringen Kaloriengehalt und seiner fettfreien Struktur eine leichte Option. Der Zuckergehalt ist ausgewogen und die Kohlenhydrate stammen aus nat\u00fcrlichem Fruchtzucker. Dank seines geringen Salzgehalts unterst\u00fctzt dieses Getr\u00e4nk einen gesunden Lebensstil. Als perfekte Alternative zur Abk\u00fchlung an hei\u00dfen Tagen oder als Erg\u00e4nzung zu den Mahlzeiten bietet das S\u0131rma Vitamin C Mineralwasser mit Mandarinengeschmack ein erfrischendes und nahrhaftes Trinkerlebnis.  <\/p>\n","protected":false},"excerpt":{"rendered":"<p>S\u0131rma Nat\u00fcrliches Mineralwasser mit Mandarinengeschmack und Vitamin C Menge: 200 ml S\u0131rma Vitamin C Mandarine Flavoured Natural Mineral&hellip;<\/p>\n","protected":false},"featured_media":4693,"comment_status":"open","ping_status":"closed","template":"","meta":[],"product_cat":[316,220,431],"product_tag":[308],"class_list":{"0":"post-4714","1":"product","2":"type-product","3":"status-publish","4":"has-post-thumbnail","6":"product_cat-sirma-de","7":"product_cat-getranke","8":"product_cat-kohlensaurehaltige-getranke","9":"product_tag-sirma-soda-de","11":"first","12":"outofstock","13":"taxable","14":"shipping-taxable","15":"purchasable","16":"product-type-variable"},"_links":{"self":[{"href":"https:\/\/alireis.com\/de\/wp-json\/wp\/v2\/product\/4714","targetHints":{"allow":["GET"]}}],"collection":[{"href":"https:\/\/alireis.com\/de\/wp-json\/wp\/v2\/product"}],"about":[{"href":"https:\/\/alireis.com\/de\/wp-json\/wp\/v2\/types\/product"}],"replies":[{"embeddable":true,"href":"https:\/\/alireis.com\/de\/wp-json\/wp\/v2\/comments?post=4714"}],"wp:featuredmedia":[{"embeddable":true,"href":"https:\/\/alireis.com\/de\/wp-json\/wp\/v2\/media\/4693"}],"wp:attachment":[{"href":"https:\/\/alireis.com\/de\/wp-json\/wp\/v2\/media?parent=4714"}],"wp:term":[{"taxonomy":"product_cat","embeddable":true,"href":"https:\/\/alireis.com\/de\/wp-json\/wp\/v2\/product_cat?post=4714"},{"taxonomy":"product_tag","embeddable":true,"href":"https:\/\/alireis.com\/de\/wp-json\/wp\/v2\/product_tag?post=4714"}],"curies":[{"name":"wp","href":"https:\/\/api.w.org\/{rel}","templated":true}]}}