{"id":4683,"date":"2024-10-21T10:39:54","date_gmt":"2024-10-21T07:39:54","guid":{"rendered":"https:\/\/www.alireis.com\/magaza\/sirma-schwarzer-maulbeerbaum-schwarze-johannisbeere-natuerliches-mineralwasser-24-stueck-200-ml\/"},"modified":"2024-10-21T10:39:54","modified_gmt":"2024-10-21T07:39:54","slug":"sirma-schwarzer-maulbeerbaum-schwarze-johannisbeere-natuerliches-mineralwasser-24-stueck-200-ml","status":"publish","type":"product","link":"https:\/\/alireis.com\/de\/Shop\/sirma-schwarzer-maulbeerbaum-schwarze-johannisbeere-natuerliches-mineralwasser-24-stueck-200-ml\/","title":{"rendered":"S\u0131rma Schwarzer Maulbeerbaum &amp; Schwarze Johannisbeere Nat\u00fcrliches Mineralwasser 24 St\u00fcck 200 ml"},"content":{"rendered":"<p><strong>S\u0131rma Schwarze Maulbeere &amp; Schwarze Johannisbeere aromatisiert Soda<\/strong><br \/>\n<strong>Menge<\/strong>: 200 ml S\u0131rma Black Mulberry &amp; Blackcurrant Flavoured Soda kombiniert die erfrischenden Eigenschaften von nat\u00fcrlichem Mineralwasser mit dem k\u00f6stlichen Geschmack von intensiven schwarzen Maulbeeren und schwarzen Johannisbeeren. Es ist eine ideale Wahl f\u00fcr alle, die Getr\u00e4nke mit Fruchtgeschmack m\u00f6gen. Dieses Getr\u00e4nk bietet die Vorteile von nat\u00fcrlichem Mineralwasser und hinterl\u00e4sst mit seinen Fruchtaromen einen bleibenden Eindruck am Gaumen.<\/p>\n<h4><strong>N\u00e4hrwertangaben (f\u00fcr 100 ml):<\/strong><\/h4>\n<ul>\n<li><strong>Energie<\/strong>: 71 kJ \/ 17 kcal<\/li>\n<li><strong>\u00d6l<\/strong>: 0,0 g<\/li>\n<li><strong>Ges\u00e4ttigtes Fett<\/strong>: 0,0 g<\/li>\n<li><strong>Kohlenhydrate <\/strong>4,0 g<\/li>\n<li><strong>Zucker <\/strong>3,9 g<\/li>\n<li><strong>Protein<\/strong>: 0,0 g<\/li>\n<li><strong>Salz<\/strong>: 0,05 g<\/li>\n<\/ul>\n<p>S\u0131rma Black Mulberry &amp; Blackcurrant Flavoured Soda bietet mit seinem intensiven Geschmack eine erfrischende Getr\u00e4nkealternative, w\u00e4hrend es mit seiner kalorienarmen Struktur und seinem Null-Fett-Verh\u00e4ltnis eine leichte Option darstellt. Die darin enthaltenen Kohlenhydrate stammen aus nat\u00fcrlichem Fruchtzucker. Der geringe Salzgehalt macht das Getr\u00e4nk au\u00dferdem ausgewogener. Diese Geschmacksrichtung, die Sie besonders im Sommer oder zu den Mahlzeiten bevorzugen k\u00f6nnen, tr\u00e4gt dank ihrer mineralischen Struktur dazu bei, den Fl\u00fcssigkeitsbedarf des K\u00f6rpers zu decken.  <\/p>\n","protected":false},"excerpt":{"rendered":"<p>S\u0131rma Schwarze Maulbeere &amp; Schwarze Johannisbeere aromatisiert Soda Menge: 200 ml S\u0131rma Black Mulberry &amp; Blackcurrant Flavoured Soda&hellip;<\/p>\n","protected":false},"featured_media":4665,"comment_status":"open","ping_status":"closed","template":"","meta":[],"product_cat":[316,220,431],"product_tag":[308],"class_list":{"0":"post-4683","1":"product","2":"type-product","3":"status-publish","4":"has-post-thumbnail","6":"product_cat-sirma-de","7":"product_cat-getranke","8":"product_cat-kohlensaurehaltige-getranke","9":"product_tag-sirma-soda-de","11":"first","12":"outofstock","13":"taxable","14":"shipping-taxable","15":"purchasable","16":"product-type-variable"},"_links":{"self":[{"href":"https:\/\/alireis.com\/de\/wp-json\/wp\/v2\/product\/4683","targetHints":{"allow":["GET"]}}],"collection":[{"href":"https:\/\/alireis.com\/de\/wp-json\/wp\/v2\/product"}],"about":[{"href":"https:\/\/alireis.com\/de\/wp-json\/wp\/v2\/types\/product"}],"replies":[{"embeddable":true,"href":"https:\/\/alireis.com\/de\/wp-json\/wp\/v2\/comments?post=4683"}],"wp:featuredmedia":[{"embeddable":true,"href":"https:\/\/alireis.com\/de\/wp-json\/wp\/v2\/media\/4665"}],"wp:attachment":[{"href":"https:\/\/alireis.com\/de\/wp-json\/wp\/v2\/media?parent=4683"}],"wp:term":[{"taxonomy":"product_cat","embeddable":true,"href":"https:\/\/alireis.com\/de\/wp-json\/wp\/v2\/product_cat?post=4683"},{"taxonomy":"product_tag","embeddable":true,"href":"https:\/\/alireis.com\/de\/wp-json\/wp\/v2\/product_tag?post=4683"}],"curies":[{"name":"wp","href":"https:\/\/api.w.org\/{rel}","templated":true}]}}