{"id":4638,"date":"2024-10-18T15:46:55","date_gmt":"2024-10-18T12:46:55","guid":{"rendered":"https:\/\/www.alireis.com\/magaza\/sirma-apfel-natuerliches-mineralwasser-mit-vitamin-c-24x-200ml\/"},"modified":"2024-10-18T15:46:55","modified_gmt":"2024-10-18T12:46:55","slug":"sirma-apfel-natuerliches-mineralwasser-mit-vitamin-c-24x-200ml","status":"publish","type":"product","link":"https:\/\/alireis.com\/de\/Shop\/sirma-apfel-natuerliches-mineralwasser-mit-vitamin-c-24x-200ml\/","title":{"rendered":"S\u0131rma Apfel Nat\u00fcrliches Mineralwasser mit Vitamin C 24x 200ml"},"content":{"rendered":"<p>S\u0131rma Vitamin C Soda mit Apfelgeschmack bietet den Genuss eines gesunden und nat\u00fcrlichen Mineralwassers, angereichert mit erfrischendem Apfelgeschmack. Es l\u00f6scht Ihren Durst und liefert die Mineralien, die Ihr K\u00f6rper braucht. <\/p>\n<h4><strong>N\u00e4hrwertangaben (f\u00fcr 100 ml):<\/strong><\/h4>\n<ul>\n<li><strong>Energie<\/strong>: 62 kJ \/ 15 kcal<\/li>\n<li><strong>\u00d6l<\/strong>: 0,0 g<\/li>\n<li><strong>Ges\u00e4ttigtes Fett<\/strong>: 0,0 g<\/li>\n<li><strong>Kohlenhydrate <\/strong>3,5 g<\/li>\n<li><strong>Zucker <\/strong>3,5 g<\/li>\n<li><strong>Protein<\/strong>: 0,0 g<\/li>\n<li><strong>Salz<\/strong>: 0,05 g<\/li>\n<\/ul>\n<p>S\u0131rma Vitamin C kombiniert die Frische von nat\u00fcrlichem Mineralwasser mit Apfelgeschmack und ist eine ausgezeichnete Wahl sowohl f\u00fcr diejenigen, die ein kalorienarmes Getr\u00e4nk suchen, als auch f\u00fcr diejenigen, die Mineralgetr\u00e4nke bevorzugen. Es ist ein leichtes Getr\u00e4nk mit 0 Fett und 0 Eiwei\u00df und der Zuckergehalt ist ausgewogen. Der Salzgehalt ist sehr niedrig. Wenn Sie auf der Suche nach einem k\u00f6stlichen Getr\u00e4nk sind, um sich an hei\u00dfen Tagen abzuk\u00fchlen oder um Ihre Mahlzeiten zu begleiten, ist S\u0131rma Vitamin C Soda mit Apfelgeschmack genau das Richtige f\u00fcr Sie!  <\/p>\n","protected":false},"excerpt":{"rendered":"<p>S\u0131rma Vitamin C Soda mit Apfelgeschmack bietet den Genuss eines gesunden und nat\u00fcrlichen Mineralwassers, angereichert mit erfrischendem Apfelgeschmack.&hellip;<\/p>\n","protected":false},"featured_media":4609,"comment_status":"open","ping_status":"closed","template":"","meta":[],"product_cat":[316,220,431],"product_tag":[308],"class_list":{"0":"post-4638","1":"product","2":"type-product","3":"status-publish","4":"has-post-thumbnail","6":"product_cat-sirma-de","7":"product_cat-getranke","8":"product_cat-kohlensaurehaltige-getranke","9":"product_tag-sirma-soda-de","11":"first","12":"outofstock","13":"taxable","14":"shipping-taxable","15":"purchasable","16":"product-type-variable"},"_links":{"self":[{"href":"https:\/\/alireis.com\/de\/wp-json\/wp\/v2\/product\/4638","targetHints":{"allow":["GET"]}}],"collection":[{"href":"https:\/\/alireis.com\/de\/wp-json\/wp\/v2\/product"}],"about":[{"href":"https:\/\/alireis.com\/de\/wp-json\/wp\/v2\/types\/product"}],"replies":[{"embeddable":true,"href":"https:\/\/alireis.com\/de\/wp-json\/wp\/v2\/comments?post=4638"}],"wp:featuredmedia":[{"embeddable":true,"href":"https:\/\/alireis.com\/de\/wp-json\/wp\/v2\/media\/4609"}],"wp:attachment":[{"href":"https:\/\/alireis.com\/de\/wp-json\/wp\/v2\/media?parent=4638"}],"wp:term":[{"taxonomy":"product_cat","embeddable":true,"href":"https:\/\/alireis.com\/de\/wp-json\/wp\/v2\/product_cat?post=4638"},{"taxonomy":"product_tag","embeddable":true,"href":"https:\/\/alireis.com\/de\/wp-json\/wp\/v2\/product_tag?post=4638"}],"curies":[{"name":"wp","href":"https:\/\/api.w.org\/{rel}","templated":true}]}}