{"id":4564,"date":"2024-10-16T15:15:39","date_gmt":"2024-10-16T12:15:39","guid":{"rendered":"https:\/\/www.alireis.com\/magaza\/sirma-24-natuerliches-mineralwasser-200-ml\/"},"modified":"2024-10-16T15:15:39","modified_gmt":"2024-10-16T12:15:39","slug":"sirma-24-natuerliches-mineralwasser-200-ml","status":"publish","type":"product","link":"https:\/\/alireis.com\/de\/Shop\/sirma-24-natuerliches-mineralwasser-200-ml\/","title":{"rendered":"S\u0131rma 24 Nat\u00fcrliches Mineralwasser 200 ml"},"content":{"rendered":"<p><strong>Beschreibung<\/strong>: S\u0131rma Natural Rich Mineral Mineral Water ist mit seiner hochmineralisierten Struktur und seiner erfrischenden Wirkung eine der f\u00fchrenden nat\u00fcrlichen Mineralwasserquellen der T\u00fcrkei. Dieses nat\u00fcrliche Mineralwasser aus den Tiefen von Uluda\u011f ist bekannt f\u00fcr seine verdauungsf\u00f6rdernde Wirkung, insbesondere nach den Mahlzeiten, dank der enthaltenen Mineralien. Es wird durch die Entnahme nat\u00fcrlicher Mineralien direkt aus der Quelle abgef\u00fcllt und enth\u00e4lt daher keine Zusatzstoffe oder k\u00fcnstliche Mineralien. Der darin enthaltene reiche Mineralienhaushalt tr\u00e4gt zum Elektrolytgleichgewicht des K\u00f6rpers bei, unterst\u00fctzt bei regelm\u00e4\u00dfigem Verzehr die Knochengesundheit und hilft, das Immunsystem zu st\u00e4rken.   <\/p>\n<p><strong>Detaillierter Mineraliengehalt (mg\/L):<\/strong><\/p>\n<p><strong>Anionen:<\/strong><\/p>\n<ul>\n<li><strong>Fluorid (F): <\/strong>0,97 &#8211; Niedrige Fluoridkonzentrationen wirken sich positiv auf die Zahngesundheit aus und haben eine sch\u00fctzende Wirkung gegen Karies.<\/li>\n<li><strong>Bikarbonat (HCO\u2083):<\/strong> 1125 &#8211; Der hohe Bicarbonatgehalt wirkt regulierend, insbesondere auf das Verdauungssystem und stabilisiert die Magens\u00e4ure.<\/li>\n<li><strong>Silikat (SiO\u2082):<\/strong> 25% &#8211; Der Kiesels\u00e4uregehalt unterst\u00fctzt die Hautgesundheit, erh\u00e4lt die Elastizit\u00e4t der Haut und hat Anti-Aging-Eigenschaften.<\/li>\n<li><strong>Sulfat (SO\u2084): <\/strong>25,01 &#8211; Unterst\u00fctzt die Gesundheit des Darms durch seinen milden Sulfatgehalt.<\/li>\n<li><strong>Chlorid (Cl): <\/strong>63,87 &#8211; Spielt eine Rolle bei der Aufrechterhaltung des Elektrolytgleichgewichts und unterst\u00fctzt die Funktion der Zellen.<\/li>\n<\/ul>\n<p><strong>Kationen<\/strong><\/p>\n<ul>\n<li><strong>Kalzium (Ca): <\/strong>170 &#8211; Dank seines hohen Kalziumgehalts tr\u00e4gt er zur St\u00e4rkung der Knochen und der Zahngesundheit bei und unterst\u00fctzt die Muskelfunktionen.<\/li>\n<li><strong>Kalium (K):<\/strong> 40 &#8211; Kalium, das f\u00fcr die Gesundheit des Herzens und die Muskelfunktion wichtig ist, reguliert den Blutdruck.<\/li>\n<li><strong>Magnesium (Mg):<\/strong> 72 &#8211; Der Magnesiumgehalt hat eine entspannende Wirkung auf das Nervensystem und erm\u00f6glicht es den Muskeln, sich zu entspannen.<\/li>\n<li><strong>Eisen (Fe) (zweiwertig):<\/strong> 0,02 &#8211; Der geringe Eisengehalt ist vorteilhaft f\u00fcr die Deckung des Eisenbedarfs, der f\u00fcr die Gesundheit des Blutes wichtig ist.<\/li>\n<li><strong>Natrium (Na): <\/strong>186 &#8211; Tr\u00e4gt zum Ausgleich der K\u00f6rperfl\u00fcssigkeiten bei und spielt eine wichtige Rolle beim Fl\u00fcssigkeitsaustausch der Zellen.<\/li>\n<\/ul>\n<p><strong>Herausragende Vorteile: <\/strong>S\u0131rma Natural Mineral Water erleichtert die Verdauung und unterst\u00fctzt die Gesundheit von Muskeln und Knochen durch seine bikarbonat- und mineralstoffreiche Struktur. Der hohe Gehalt an Kalzium und Magnesium ist besonders vorteilhaft f\u00fcr die Erhaltung der Knochendichte. Der niedrige Fluoridgehalt unterst\u00fctzt den Beitrag des Wassers zur Zahngesundheit und bietet ein erfrischendes Trinkerlebnis bei gleichzeitiger Deckung des t\u00e4glichen Mineralstoffbedarfs des K\u00f6rpers.  <\/p>\n","protected":false},"excerpt":{"rendered":"<p>Beschreibung: S\u0131rma Natural Rich Mineral Mineral Water ist mit seiner hochmineralisierten Struktur und seiner erfrischenden Wirkung eine der&hellip;<\/p>\n","protected":false},"featured_media":4548,"comment_status":"open","ping_status":"closed","template":"","meta":[],"product_cat":[316,220,431],"product_tag":[308],"class_list":{"0":"post-4564","1":"product","2":"type-product","3":"status-publish","4":"has-post-thumbnail","6":"product_cat-sirma-de","7":"product_cat-getranke","8":"product_cat-kohlensaurehaltige-getranke","9":"product_tag-sirma-soda-de","11":"first","12":"outofstock","13":"taxable","14":"shipping-taxable","15":"purchasable","16":"product-type-variable"},"_links":{"self":[{"href":"https:\/\/alireis.com\/de\/wp-json\/wp\/v2\/product\/4564","targetHints":{"allow":["GET"]}}],"collection":[{"href":"https:\/\/alireis.com\/de\/wp-json\/wp\/v2\/product"}],"about":[{"href":"https:\/\/alireis.com\/de\/wp-json\/wp\/v2\/types\/product"}],"replies":[{"embeddable":true,"href":"https:\/\/alireis.com\/de\/wp-json\/wp\/v2\/comments?post=4564"}],"wp:featuredmedia":[{"embeddable":true,"href":"https:\/\/alireis.com\/de\/wp-json\/wp\/v2\/media\/4548"}],"wp:attachment":[{"href":"https:\/\/alireis.com\/de\/wp-json\/wp\/v2\/media?parent=4564"}],"wp:term":[{"taxonomy":"product_cat","embeddable":true,"href":"https:\/\/alireis.com\/de\/wp-json\/wp\/v2\/product_cat?post=4564"},{"taxonomy":"product_tag","embeddable":true,"href":"https:\/\/alireis.com\/de\/wp-json\/wp\/v2\/product_tag?post=4564"}],"curies":[{"name":"wp","href":"https:\/\/api.w.org\/{rel}","templated":true}]}}