{"id":4429,"date":"2024-10-01T09:02:35","date_gmt":"2024-10-01T06:02:35","guid":{"rendered":"https:\/\/www.alireis.com\/magaza\/kahve-dunyasi-gofrik-milky-24\/"},"modified":"2024-11-25T12:34:43","modified_gmt":"2024-11-25T09:34:43","slug":"kahve-dunyasi-gofrik-milky-24","status":"publish","type":"product","link":"https:\/\/alireis.com\/de\/Shop\/kahve-dunyasi-gofrik-milky-24\/","title":{"rendered":"Kahve Dunyasi Gofrik Milky 24"},"content":{"rendered":"<h3><strong>Kahve D\u00fcnyas\u0131 24\u00fc Milky Gofrik (33g)<\/strong><\/h3>\n<h4><strong>Gofrik &#8211; Eine geschmackvolle Geschmacksrichtung von Kahve D\u00fcnyas\u0131!<\/strong><\/h4>\n<p>Nicht Gofret, sondern Gofrik! Gofrik, eine der einzigartigen S\u00fc\u00dfigkeiten von Kahve D\u00fcnyas\u0131, entsteht durch die perfekte Kombination aus knusprigen Waffelschichten und zartschmelzender Milchschokolade. Dieser unverwechselbare Geschmack, der schnell zum Favoriten aller wird, ist jetzt mit Gro\u00dfhandelsoptionen erh\u00e4ltlich. Jede 24er-Box enth\u00e4lt k\u00f6stliche 33-Gramm-Gofriks, die bereit sind, Ihren Gaumen zu verw\u00f6hnen.<\/p>\n<p><strong>Produkt Inhalt:<\/strong><\/p>\n<ul>\n<li>47% Vollmilchschokolade: Enth\u00e4lt Zucker, Kakaobutter, Vollmilchpulver, Kakaomasse, Magermilchpulver und Aromen (Vanillin) (Kakaotrockenmasse mindestens 34%)<\/li>\n<li>31% Pistazienpaste: 37% Pistazienp\u00fcree, Zucker, Maltodextrin, Magermilchpulver, Kokosnuss\u00f6l, Molkenpulver und Emulgator.<\/li>\n<li>Waffelschichten: Weizenmehl, Sonnenblumen\u00f6l, Kakaopulver und Backtriebmittel.<\/li>\n<li>%12 Antep F\u0131st\u0131\u011f\u0131 Par\u00e7alar\u0131 ile ta\u00e7land\u0131r\u0131lm\u0131\u015ft\u0131r.<\/li>\n<\/ul>\n<p><strong>Allergen-Warnung:<\/strong> Dieses Produkt enth\u00e4lt Soja, Milchbestandteile, Gluten und Pistazien. Es kann auch Spuren von Haseln\u00fcssen, Mandeln, Erdn\u00fcssen und Eiern enthalten.<\/p>\n<p><strong>N\u00e4hrwertangaben (f\u00fcr 100 g):<\/strong><\/p>\n<p>N\u00e4hrstoff Menge<\/p>\n<table>\n<thead><\/thead>\n<tbody>\n<tr>\n<td>Energie (kcal\/kJ)<\/td>\n<td>547\/2285<\/td>\n<\/tr>\n<tr>\n<td>\u00d6l (g)<\/td>\n<td>33<\/td>\n<\/tr>\n<tr>\n<td>Ges\u00e4ttigtes Fett (g)<\/td>\n<td>15<\/td>\n<\/tr>\n<tr>\n<td>Kohlenhydrate (g)<\/td>\n<td>50,2<\/td>\n<\/tr>\n<tr>\n<td>Zucker (g)<\/td>\n<td>36,3<\/td>\n<\/tr>\n<tr>\n<td>Faser (g)<\/td>\n<td>2,4<\/td>\n<\/tr>\n<tr>\n<td>Eiwei\u00df (g)<\/td>\n<td>11<\/td>\n<\/tr>\n<tr>\n<td>Salz (g)<\/td>\n<td>0,4<\/td>\n<\/tr>\n<\/tbody>\n<\/table>\n<h4><strong>Abmessungen der Box:<\/strong><\/h4>\n<ul>\n<li><strong>En<\/strong>: 6 cm<\/li>\n<li><strong>H\u00f6he: <\/strong>16 cm<\/li>\n<li><strong>H\u00f6he<\/strong> 23 cm<\/li>\n<li><strong>Gewicht: <\/strong>Jede Schachtel enth\u00e4lt 24 x 33g Gofrik.<\/li>\n<\/ul>\n<h4><strong>Warum Gofrik?<\/strong><\/h4>\n<ul>\n<li><strong>Geschmacks-Explosion:<\/strong> Die perfekte Kombination aus knusprigen Waffelschichten, cremiger Pistazienpaste und Milchschokolade.<\/li>\n<li><strong>Praktische Verpackung: <\/strong>In Kartons zu 24 St\u00fcck, ideal f\u00fcr den Gro\u00dfhandel.<\/li>\n<li><strong>M\u00f6glichkeiten f\u00fcr den Gro\u00dfhandel: <\/strong>M\u00f6glichkeit, zu g\u00fcnstigen Preisen auf Kisten-, Paket- oder Palettenbasis einzukaufen.<\/li>\n<\/ul>\n<p>Sie k\u00f6nnen Ihre Kaffeepausen, Sitzungen und besonderen Anl\u00e4sse mit diesem Produkt bereichern, indem Sie es sofort auf unserer Website bestellen. Gofrik, eines der besonderen Rezepte von Kahve D\u00fcnyas\u0131, wird Ihre s\u00fc\u00dfen Krisen sofort l\u00f6sen!<\/p>\n<h4><strong>Verkaufsmodalit\u00e4ten:<\/strong><\/h4>\n<ul>\n<li><strong>Anzahl der Boxen:<\/strong> 24 x 33g<\/li>\n<li><strong>Verkauf von Paketen und Paletten<\/strong>: Wenden Sie sich jetzt an uns, um vorteilhafte Preisoptionen f\u00fcr Ihren Gro\u00dfhandelseinkauf zu erhalten.<\/li>\n<\/ul>\n<p><strong>Milky Gofrik ist bereit f\u00fcr den Verkauf in \u00dcbereinstimmung mit Ihren Bed\u00fcrfnissen im Gro\u00df- und Einzelhandel! Bestellen Sie jetzt und verpassen Sie nicht diesen einzigartigen Geschmack! <\/strong><\/p>\n","protected":false},"excerpt":{"rendered":"<p>Kahve D\u00fcnyas\u0131 24\u00fc Milky Gofrik (33g) Gofrik &#8211; Eine geschmackvolle Geschmacksrichtung von Kahve D\u00fcnyas\u0131! Nicht Gofret, sondern Gofrik!&hellip;<\/p>\n","protected":false},"featured_media":4193,"comment_status":"open","ping_status":"closed","template":"","meta":[],"product_cat":[338,217],"product_tag":[243,274],"class_list":{"0":"post-4429","1":"product","2":"type-product","3":"status-publish","4":"has-post-thumbnail","6":"product_cat-kahve-dunyasi-de","7":"product_cat-imbisse-de","8":"product_tag-gofrik-de","9":"product_tag-kahve-duenyasi","11":"first","12":"instock","13":"taxable","14":"shipping-taxable","15":"purchasable","16":"product-type-variable"},"_links":{"self":[{"href":"https:\/\/alireis.com\/de\/wp-json\/wp\/v2\/product\/4429","targetHints":{"allow":["GET"]}}],"collection":[{"href":"https:\/\/alireis.com\/de\/wp-json\/wp\/v2\/product"}],"about":[{"href":"https:\/\/alireis.com\/de\/wp-json\/wp\/v2\/types\/product"}],"replies":[{"embeddable":true,"href":"https:\/\/alireis.com\/de\/wp-json\/wp\/v2\/comments?post=4429"}],"wp:featuredmedia":[{"embeddable":true,"href":"https:\/\/alireis.com\/de\/wp-json\/wp\/v2\/media\/4193"}],"wp:attachment":[{"href":"https:\/\/alireis.com\/de\/wp-json\/wp\/v2\/media?parent=4429"}],"wp:term":[{"taxonomy":"product_cat","embeddable":true,"href":"https:\/\/alireis.com\/de\/wp-json\/wp\/v2\/product_cat?post=4429"},{"taxonomy":"product_tag","embeddable":true,"href":"https:\/\/alireis.com\/de\/wp-json\/wp\/v2\/product_tag?post=4429"}],"curies":[{"name":"wp","href":"https:\/\/api.w.org\/{rel}","templated":true}]}}