{"id":4376,"date":"2024-10-01T09:02:36","date_gmt":"2024-10-01T06:02:36","guid":{"rendered":"https:\/\/www.alireis.com\/magaza\/kahve-duenyasi-milky-gofrik-sphere-125g-x-50-stueck\/"},"modified":"2024-11-25T12:33:16","modified_gmt":"2024-11-25T09:33:16","slug":"kahve-duenyasi-milky-gofrik-sphere-125g-x-50-stueck","status":"publish","type":"product","link":"https:\/\/alireis.com\/de\/Shop\/kahve-duenyasi-milky-gofrik-sphere-125g-x-50-stueck\/","title":{"rendered":"Kahve D\u00fcnyas\u0131 Milky Gofrik Sphere (12,5g x 50 St\u00fcck)"},"content":{"rendered":"<h3><strong>Kahve D\u00fcnyas\u0131 Milky Gofrik Sphere (12,5g x 50 St\u00fcck)<\/strong><\/h3>\n<h4><strong>Der legend\u00e4re Gofrik von Kahve D\u00fcnyas\u0131 hat jetzt die Form einer Kugel!<\/strong><\/h4>\n<p>Kahve D\u00fcnyas\u0131 Milky Wafer Sphere, die dem Waffelgeschmack eine ganz neue Dimension verleiht, hinterl\u00e4sst mit der meisterhaften Kombination aus Pistazienpaste und Milchschokolade einen bleibenden Eindruck am Gaumen. Die k\u00f6stliche Pistazienpaste und die Pistazienst\u00fccke zwischen den Waffeln werden durch einen \u00dcberzug aus Milchschokolade erg\u00e4nzt, wodurch ein einzigartiger Geschmack entsteht. In 50 St\u00fcck verpackt, sollten Sie sich dieses Produkt nicht entgehen lassen, das Ihre Kaffeepausen, Meetings oder Reisen bereichern wird! <strong>Produkt Inhalt:<\/strong><\/p>\n<ul>\n<li><strong>Vollmilchschokolade (47%)<\/strong>: Zucker, Kakaobutter, Vollmilchpulver, Kakaomasse, Magermilchpulver und Aromen (Vanillin). Die Kakaotrockenmasse betr\u00e4gt mindestens 34%.<\/li>\n<li><strong>Pistazienpaste (31%)<\/strong>: 37% Pistazienp\u00fcree, Zucker, Maltodextrin, Magermilchpulver, Kokosnuss\u00f6l, Molkenpulver und Emulgator.<\/li>\n<li><strong>Waffelschichten: <\/strong>Knuspriges Weizenmehl (enth\u00e4lt Gluten), Pflanzen\u00f6l (Sonnenblumen), Kakaopulver und Backtriebmittel.<\/li>\n<li><strong>Pistazienst\u00fccke (12%)<\/strong>: In Kombination mit Pistazienpaste ergibt sich eine gro\u00dfartige Textur und ein hervorragender Geschmack.<\/li>\n<\/ul>\n<p><strong>Allergen-Warnung:<\/strong> Dieses Produkt enth\u00e4lt Sojaprodukte, Milchbestandteile, Gluten und Pistazien. Kann Spuren von Haseln\u00fcssen, Mandeln, Erdn\u00fcssen und Eiern enthalten.<\/p>\n<p><strong>N\u00e4hrwertangaben (f\u00fcr 100 g):<\/strong><\/p>\n<p>N\u00e4hrstoff Menge<\/p>\n<table>\n<thead><\/thead>\n<tbody>\n<tr>\n<td>Energie (kcal\/kJ)<\/td>\n<td>547\/2285<\/td>\n<\/tr>\n<tr>\n<td>\u00d6l (g)<\/td>\n<td>33<\/td>\n<\/tr>\n<tr>\n<td>Ges\u00e4ttigtes Fett (g)<\/td>\n<td>15<\/td>\n<\/tr>\n<tr>\n<td>Kohlenhydrate (g)<\/td>\n<td>50,2<\/td>\n<\/tr>\n<tr>\n<td>Zucker (g)<\/td>\n<td>36,3<\/td>\n<\/tr>\n<tr>\n<td>Faser (g)<\/td>\n<td>2,4<\/td>\n<\/tr>\n<tr>\n<td>Eiwei\u00df (g)<\/td>\n<td>11<\/td>\n<\/tr>\n<tr>\n<td>Salz (g)<\/td>\n<td>0,4<\/td>\n<\/tr>\n<\/tbody>\n<\/table>\n<h4><strong>Warum sollten Sie Milky Gofric Sphere bevorzugen?<\/strong><\/h4>\n<ul>\n<li><strong>Geschmacksbombe:<\/strong> Mit der perfekten Harmonie von Pistazienpaste und Milchschokolade hinterl\u00e4sst sie einen unvergesslichen Geschmack am Gaumen.<\/li>\n<li><strong>Vielf\u00e4ltige Verwendungsm\u00f6glichkeiten:<\/strong> Zu Hause, im B\u00fcro, im Auto oder auf Reisen &#8211; ein Snack, den Sie jederzeit bei sich haben k\u00f6nnen.<\/li>\n<li><strong>M\u00f6glichkeit f\u00fcr den Gro\u00dfhandel:<\/strong> Eine wirtschaftliche und praktische L\u00f6sung in 50er-Packungen.<\/li>\n<\/ul>\n<h4><strong>Verkaufsmodalit\u00e4ten:<\/strong><\/h4>\n<ul>\n<li><strong>Menge<\/strong>: 12,5g x 50<\/li>\n<li><strong>Optionen f\u00fcr den Gro\u00dfhandel:<\/strong> Angemessene Preisvorteile auf Kisten-, Paket- und Palettenbasis.<\/li>\n<\/ul>\n<p>Dieses Geschmackswunder nach der speziellen Rezeptur von Kahve D\u00fcnyas\u0131 wartet auf Sie mit Gro\u00dfhandelsm\u00f6glichkeiten. Probieren Sie jetzt den einzigartigen Geschmack von Milky Wafer Sphere und bieten Sie Ihren Kunden, G\u00e4sten oder Angeh\u00f6rigen diesen besonderen Snack an! <strong>Immer frisch und praktisch &#8211; bestellen Sie jetzt die Waffelkugel mit Milch!<\/strong><\/p>\n","protected":false},"excerpt":{"rendered":"<p>Kahve D\u00fcnyas\u0131 Milky Gofrik Sphere (12,5g x 50 St\u00fcck) Der legend\u00e4re Gofrik von Kahve D\u00fcnyas\u0131 hat jetzt die&hellip;<\/p>\n","protected":false},"featured_media":4208,"comment_status":"open","ping_status":"closed","template":"","meta":[],"product_cat":[338,217],"product_tag":[243,274],"class_list":{"0":"post-4376","1":"product","2":"type-product","3":"status-publish","4":"has-post-thumbnail","6":"product_cat-kahve-dunyasi-de","7":"product_cat-imbisse-de","8":"product_tag-gofrik-de","9":"product_tag-kahve-duenyasi","11":"first","12":"instock","13":"taxable","14":"shipping-taxable","15":"purchasable","16":"product-type-variable"},"_links":{"self":[{"href":"https:\/\/alireis.com\/de\/wp-json\/wp\/v2\/product\/4376","targetHints":{"allow":["GET"]}}],"collection":[{"href":"https:\/\/alireis.com\/de\/wp-json\/wp\/v2\/product"}],"about":[{"href":"https:\/\/alireis.com\/de\/wp-json\/wp\/v2\/types\/product"}],"replies":[{"embeddable":true,"href":"https:\/\/alireis.com\/de\/wp-json\/wp\/v2\/comments?post=4376"}],"wp:featuredmedia":[{"embeddable":true,"href":"https:\/\/alireis.com\/de\/wp-json\/wp\/v2\/media\/4208"}],"wp:attachment":[{"href":"https:\/\/alireis.com\/de\/wp-json\/wp\/v2\/media?parent=4376"}],"wp:term":[{"taxonomy":"product_cat","embeddable":true,"href":"https:\/\/alireis.com\/de\/wp-json\/wp\/v2\/product_cat?post=4376"},{"taxonomy":"product_tag","embeddable":true,"href":"https:\/\/alireis.com\/de\/wp-json\/wp\/v2\/product_tag?post=4376"}],"curies":[{"name":"wp","href":"https:\/\/api.w.org\/{rel}","templated":true}]}}