{"id":4309,"date":"2024-10-01T10:46:23","date_gmt":"2024-10-01T07:46:23","guid":{"rendered":"https:\/\/www.alireis.com\/?post_type=product&#038;p=4309"},"modified":"2024-10-01T10:46:23","modified_gmt":"2024-10-01T07:46:23","slug":"kahve-duenyasi-milchige-gofrik-kugel-125g-x-50-stueck","status":"publish","type":"product","link":"https:\/\/alireis.com\/de\/Shop\/kahve-duenyasi-milchige-gofrik-kugel-125g-x-50-stueck\/","title":{"rendered":"Kahve D\u00fcnyas\u0131 Milchige Gofrik-Kugel (12,5g x 50 St\u00fcck)"},"content":{"rendered":"<p>Kahve D\u00fcnyas\u0131 Milchige Gofrik-Kugel (12,5g x 50 St\u00fcck)<br \/>\nDie legend\u00e4re Waffel von Kahve D\u00fcnyas\u0131 ist jetzt kugelf\u00f6rmig!<\/p>\n<p>Kahve D\u00fcnyas\u0131 Milky Wafer Sphere, die dem Waffelgeschmack eine ganz neue Dimension verleiht, hinterl\u00e4sst mit der meisterhaften Kombination aus Pistazienpaste und Milchschokolade einen bleibenden Eindruck am Gaumen. Die k\u00f6stliche Pistazienpaste und die Pistazienst\u00fccke zwischen den Waffeln werden durch einen \u00dcberzug aus Milchschokolade erg\u00e4nzt, wodurch ein einzigartiger Geschmack entsteht. Mit einer Packung von 50 St\u00fcck sollten Sie sich dieses Produkt nicht entgehen lassen, das Ihre Kaffeepausen, Meetings oder Reisen bereichern wird!<\/p>\n<p>Inhalt des Produkts:<\/p>\n<p>Vollmilchschokolade (47%): Zucker, Kakaobutter, Vollmilchpulver, Kakaomasse, Magermilchpulver und Aromen (Vanillin). Die Kakaotrockenmasse betr\u00e4gt mindestens 34%.<br \/>\nPistazienpaste (31%): 37% Pistazienp\u00fcree, Zucker, Maltodextrin, Magermilchpulver, Kokosnuss\u00f6l, Molkenpulver und Emulgator.<br \/>\nWaffelschichten: Knuspriges Weizenmehl (enth\u00e4lt Gluten), Pflanzen\u00f6l (Sonnenblumen), Kakaopulver und Backtriebmittel.<br \/>\nPistazienst\u00fccke (12%): Zusammen mit der Pistazienpaste sorgen sie f\u00fcr eine tolle Textur und einen tollen Geschmack.<\/p>\n<p>Allergen-Warnung: Dieses Produkt enth\u00e4lt Sojaprodukte, Milchbestandteile, Gluten und Pistazien. Kann Spuren von Haseln\u00fcssen, Mandeln, Erdn\u00fcssen und Eiern enthalten.<\/p>\n<p>N\u00e4hrwertangaben (pro 100 g):<\/p>\n<p>N\u00e4hrstoff Menge<br \/>\nEnergie (kcal\/kJ) 547\/2285<br \/>\n\u00d6l (g) 33<br \/>\nGes\u00e4ttigtes Fett (g) 15<br \/>\nKohlenhydrate (g) 50,2<br \/>\nZucker (g) 36,3<br \/>\nBallaststoffe (g) 2,4<br \/>\nEiwei\u00df (g) 11<br \/>\nSalz (g) 0,4<br \/>\nWarum sollten Sie Milky Gofric Sphere bevorzugen?<br \/>\nGeschmacksbombe: Mit der perfekten Harmonie von Pistazienpaste und Milchschokolade hinterl\u00e4sst sie einen unvergesslichen Geschmack am Gaumen.<br \/>\nVerschiedene Verwendungsbereiche: Zu Hause, im B\u00fcro, im Auto oder auf Reisen &#8211; ein Snack, den man immer bei sich haben kann.<br \/>\nM\u00f6glichkeit f\u00fcr den Gro\u00dfhandel: Eine wirtschaftliche und praktische L\u00f6sung in der 50er-Packung.<br \/>\nVerkaufsarten:<br \/>\nQty: 12,5g x 50<br \/>\nGro\u00dfhandels-Optionen: Angemessene Preisvorteile auf Kisten-, Paket- und Palettenbasis.<\/p>\n<p>Dieses Geschmackswunder aus der Spezialrezeptur von Kahve D\u00fcnyas\u0131 wartet auf Sie mit Gro\u00dfhandelsm\u00f6glichkeiten. Probieren Sie jetzt den einzigartigen Geschmack der Milky Wafer Sphere und bieten Sie Ihren Kunden, G\u00e4sten oder Angeh\u00f6rigen diesen besonderen Snack an!<\/p>\n<p>Immer frisch und praktisch &#8211; bestellen Sie die Milky Wafer Sphere jetzt!<\/p>\n<p>\u00dcbersetzt mit DeepL.com (kostenlose Version)<\/p>\n","protected":false},"excerpt":{"rendered":"<p>Kahve D\u00fcnyas\u0131 Milchige Gofrik-Kugel (12,5g x 50 St\u00fcck) Die legend\u00e4re Waffel von Kahve D\u00fcnyas\u0131 ist jetzt kugelf\u00f6rmig! Kahve&hellip;<\/p>\n","protected":false},"featured_media":4208,"comment_status":"open","ping_status":"closed","template":"","meta":[],"product_cat":[16],"product_tag":[],"class_list":{"0":"post-4309","1":"product","2":"type-product","3":"status-publish","4":"has-post-thumbnail","6":"product_cat-genel","8":"first","9":"instock","10":"taxable","11":"shipping-taxable","12":"purchasable","13":"product-type-variable"},"_links":{"self":[{"href":"https:\/\/alireis.com\/de\/wp-json\/wp\/v2\/product\/4309","targetHints":{"allow":["GET"]}}],"collection":[{"href":"https:\/\/alireis.com\/de\/wp-json\/wp\/v2\/product"}],"about":[{"href":"https:\/\/alireis.com\/de\/wp-json\/wp\/v2\/types\/product"}],"replies":[{"embeddable":true,"href":"https:\/\/alireis.com\/de\/wp-json\/wp\/v2\/comments?post=4309"}],"wp:featuredmedia":[{"embeddable":true,"href":"https:\/\/alireis.com\/de\/wp-json\/wp\/v2\/media\/4208"}],"wp:attachment":[{"href":"https:\/\/alireis.com\/de\/wp-json\/wp\/v2\/media?parent=4309"}],"wp:term":[{"taxonomy":"product_cat","embeddable":true,"href":"https:\/\/alireis.com\/de\/wp-json\/wp\/v2\/product_cat?post=4309"},{"taxonomy":"product_tag","embeddable":true,"href":"https:\/\/alireis.com\/de\/wp-json\/wp\/v2\/product_tag?post=4309"}],"curies":[{"name":"wp","href":"https:\/\/api.w.org\/{rel}","templated":true}]}}