{"id":4344,"date":"2024-09-04T08:11:36","date_gmt":"2024-09-04T05:11:36","guid":{"rendered":"https:\/\/www.alireis.com\/ueber-uns\/"},"modified":"2025-09-01T10:44:19","modified_gmt":"2025-09-01T07:44:19","slug":"ueber-uns","status":"publish","type":"page","link":"https:\/\/alireis.com\/de\/ueber-uns\/","title":{"rendered":"\u00dcber uns"},"content":{"rendered":"\t\t<div data-elementor-type=\"wp-page\" data-elementor-id=\"4344\" class=\"elementor elementor-4344 elementor-1657\">\n\t\t\t\t<div class=\"elementor-element elementor-element-3f03054 e-flex e-con-boxed e-con e-parent\" data-id=\"3f03054\" data-element_type=\"container\" data-settings=\"{&quot;background_background&quot;:&quot;classic&quot;}\">\n\t\t\t\t\t<div class=\"e-con-inner\">\n\t\t<div class=\"elementor-element elementor-element-73d1b95 e-con-full e-flex e-con e-child\" data-id=\"73d1b95\" data-element_type=\"container\" data-settings=\"{&quot;background_background&quot;:&quot;classic&quot;}\">\n\t\t<div class=\"elementor-element elementor-element-3b9820b e-con-full e-flex e-con e-child\" data-id=\"3b9820b\" data-element_type=\"container\">\n\t\t<div class=\"elementor-element elementor-element-fcfaa5e e-con-full e-flex e-con e-child\" data-id=\"fcfaa5e\" data-element_type=\"container\">\n\t\t\t\t<div class=\"elementor-element elementor-element-405a20b elementor-widget elementor-widget-heading\" data-id=\"405a20b\" data-element_type=\"widget\" data-widget_type=\"heading.default\">\n\t\t\t\t<div class=\"elementor-widget-container\">\n\t\t\t\t\t<h2 class=\"elementor-heading-title elementor-size-default\"><p><strong>Unser Unternehmen<\/strong> wurde am 03. Mai 2018 von Ahmet Alireiso\u011flu gegr\u00fcndet, um im Bereich des Lebensmittelvertriebs und der Vermarktung t\u00e4tig zu sein. Dank der Erfahrung und der Vision unseres Gr\u00fcnders in diesem Sektor ist es in kurzer Zeit gewachsen und hat sich zu einem zuverl\u00e4ssigen Unternehmen im Bereich des Lebensmittelvertriebs entwickelt. <\/p>\n<\/h2>\t\t\t\t<\/div>\n\t\t\t\t<\/div>\n\t\t\t\t<div class=\"elementor-element elementor-element-2660f73 elementor-widget elementor-widget-heading\" data-id=\"2660f73\" data-element_type=\"widget\" data-widget_type=\"heading.default\">\n\t\t\t\t<div class=\"elementor-widget-container\">\n\t\t\t\t\t<h2 class=\"elementor-heading-title elementor-size-default\"><p><strong>Wir sind spezialisiert<\/strong> auf Snack-Gruppen, s\u00e4urehaltige Getr\u00e4nke, Energy-Drinks und Kaffeeprodukte. Zu unseren Hauptangeboten geh\u00f6ren auch Chips und andere Snackprodukte. Mit unserer Produktvielfalt und unserem Qualit\u00e4tsverst\u00e4ndnis f\u00fcr Service bieten wir unseren Kunden die besten Versorgungsl\u00f6sungen.  <\/p><\/h2>\t\t\t\t<\/div>\n\t\t\t\t<\/div>\n\t\t\t\t<div class=\"elementor-element elementor-element-8823b1d elementor-widget elementor-widget-heading\" data-id=\"8823b1d\" data-element_type=\"widget\" data-widget_type=\"heading.default\">\n\t\t\t\t<div class=\"elementor-widget-container\">\n\t\t\t\t\t<h2 class=\"elementor-heading-title elementor-size-default\"><p><strong>Unsere Zielgruppe<\/strong> sind Einzelh\u00e4ndler, Gro\u00dfh\u00e4ndler, Exportlieferanten und andere in diesem Sektor t\u00e4tige Unternehmen. Von unserem Hauptsitz in Bayrampasa, Istanbul, aus bedienen wir die gesamte T\u00fcrkei. Mit unserem breiten Vertriebsnetz k\u00f6nnen wir den Bedarf unserer Kunden vollst\u00e4ndig und schnell decken.  <\/p><\/h2>\t\t\t\t<\/div>\n\t\t\t\t<\/div>\n\t\t\t\t<div class=\"elementor-element elementor-element-b31c243 elementor-widget elementor-widget-heading\" data-id=\"b31c243\" data-element_type=\"widget\" data-widget_type=\"heading.default\">\n\t\t\t\t<div class=\"elementor-widget-container\">\n\t\t\t\t\t<h2 class=\"elementor-heading-title elementor-size-default\"><p><strong>Unser Unternehmen<\/strong> unterscheidet sich von seinen Mitbewerbern durch Qualit\u00e4tsprodukte, die Bedeutung der Kundenzufriedenheit und zuverl\u00e4ssige Lieferprozesse. Unsere fortschrittlichen Infrastruktursysteme und unsere F\u00e4higkeit, schnell auf Kundenw\u00fcnsche zu reagieren, zeichnen uns in der Branche aus. <\/p><\/h2>\t\t\t\t<\/div>\n\t\t\t\t<\/div>\n\t\t\t\t<div class=\"elementor-element elementor-element-ac0df92 elementor-widget elementor-widget-heading\" data-id=\"ac0df92\" data-element_type=\"widget\" data-widget_type=\"heading.default\">\n\t\t\t\t<div class=\"elementor-widget-container\">\n\t\t\t\t\t<h2 class=\"elementor-heading-title elementor-size-default\"><p><strong>Unsere Vision ist es<\/strong>, eines der renommiertesten und etabliertesten Lebensmittelvertriebsunternehmen in der T\u00fcrkei zu werden. Auf diesem Weg sind Zuverl\u00e4ssigkeit, Servicequalit\u00e4t und Kundenzufriedenheit unsere obersten Werte. Unser Ziel ist es, eine f\u00fchrende Position in unserem Sektor zu erreichen, indem wir uns auf kontinuierliche Entwicklung und Kundenzufriedenheit konzentrieren.  <\/p>\n<br> Auf dem Weg zu unserem Ziel, ein f\u00fchrendes Unternehmen im Bereich des Lebensmittelvertriebs zu werden, werden wir unseren gesch\u00e4tzten Kunden weiterhin den besten Service bieten.<\/h2>\t\t\t\t<\/div>\n\t\t\t\t<\/div>\n\t\t\t\t<\/div>\n\t\t\t\t<\/div>\n\t\t<div class=\"elementor-element elementor-element-95f9466 e-con-full e-flex e-con e-child\" data-id=\"95f9466\" data-element_type=\"container\">\n\t\t\t\t<div class=\"elementor-element elementor-element-5efcd9d elementor-widget elementor-widget-image\" data-id=\"5efcd9d\" data-element_type=\"widget\" data-widget_type=\"image.default\">\n\t\t\t\t<div class=\"elementor-widget-container\">\n\t\t\t\t\t\t\t\t\t\t\t\t\t\t\t<img fetchpriority=\"high\" decoding=\"async\" width=\"460\" height=\"539\" src=\"https:\/\/alireis.com\/wp-content\/uploads\/2024\/10\/Toptan-Gida-Atistirmalik.png\" class=\"attachment-full size-full wp-image-4334\" alt=\"Toptan At\u0131\u015ft\u0131rmal\u0131k Yiyecekler ve \u00c7e\u015fitleri\" srcset=\"https:\/\/alireis.com\/wp-content\/uploads\/2024\/10\/Toptan-Gida-Atistirmalik.png 460w, https:\/\/alireis.com\/wp-content\/uploads\/2024\/10\/Toptan-Gida-Atistirmalik-231x271.png 231w\" sizes=\"(max-width: 460px) 100vw, 460px\" \/>\t\t\t\t\t\t\t\t\t\t\t\t\t\t\t<\/div>\n\t\t\t\t<\/div>\n\t\t\t\t<\/div>\n\t\t\t\t<\/div>\n\t\t\t\t\t<\/div>\n\t\t\t\t<\/div>\n\t\t\t\t<\/div>\n\t\t","protected":false},"excerpt":{"rendered":"<p>Unser Unternehmen wurde am 03. Mai 2018 von Ahmet Alireiso\u011flu gegr\u00fcndet, um im Bereich des Lebensmittelvertriebs und der&hellip;<\/p>\n","protected":false},"author":1,"featured_media":0,"parent":0,"menu_order":0,"comment_status":"closed","ping_status":"closed","template":"elementor_header_footer","meta":{"footnotes":""},"class_list":["post-4344","page","type-page","status-publish","hentry"],"_links":{"self":[{"href":"https:\/\/alireis.com\/de\/wp-json\/wp\/v2\/pages\/4344","targetHints":{"allow":["GET"]}}],"collection":[{"href":"https:\/\/alireis.com\/de\/wp-json\/wp\/v2\/pages"}],"about":[{"href":"https:\/\/alireis.com\/de\/wp-json\/wp\/v2\/types\/page"}],"author":[{"embeddable":true,"href":"https:\/\/alireis.com\/de\/wp-json\/wp\/v2\/users\/1"}],"replies":[{"embeddable":true,"href":"https:\/\/alireis.com\/de\/wp-json\/wp\/v2\/comments?post=4344"}],"version-history":[{"count":2,"href":"https:\/\/alireis.com\/de\/wp-json\/wp\/v2\/pages\/4344\/revisions"}],"predecessor-version":[{"id":6096,"href":"https:\/\/alireis.com\/de\/wp-json\/wp\/v2\/pages\/4344\/revisions\/6096"}],"wp:attachment":[{"href":"https:\/\/alireis.com\/de\/wp-json\/wp\/v2\/media?parent=4344"}],"curies":[{"name":"wp","href":"https:\/\/api.w.org\/{rel}","templated":true}]}}