{"id":4340,"date":"2024-09-04T08:11:36","date_gmt":"2024-09-04T05:11:36","guid":{"rendered":"https:\/\/www.alireis.com\/%d9%86%d8%a8%d8%b0%d8%a9-%d8%b9%d9%86%d8%a7\/"},"modified":"2025-09-01T10:44:19","modified_gmt":"2025-09-01T07:44:19","slug":"%d9%86%d8%a8%d8%b0%d8%a9-%d8%b9%d9%86%d8%a7","status":"publish","type":"page","link":"https:\/\/alireis.com\/ar\/%d9%86%d8%a8%d8%b0%d8%a9-%d8%b9%d9%86%d8%a7\/","title":{"rendered":"\u0646\u0628\u0630\u0629 \u0639\u0646\u0627"},"content":{"rendered":"\t\t<div data-elementor-type=\"wp-page\" data-elementor-id=\"4340\" class=\"elementor elementor-4340 elementor-1657\">\n\t\t\t\t<div class=\"elementor-element elementor-element-3f03054 e-flex e-con-boxed e-con e-parent\" data-id=\"3f03054\" data-element_type=\"container\" data-settings=\"{&quot;background_background&quot;:&quot;classic&quot;}\">\n\t\t\t\t\t<div class=\"e-con-inner\">\n\t\t<div class=\"elementor-element elementor-element-73d1b95 e-con-full e-flex e-con e-child\" data-id=\"73d1b95\" data-element_type=\"container\" data-settings=\"{&quot;background_background&quot;:&quot;classic&quot;}\">\n\t\t<div class=\"elementor-element elementor-element-3b9820b e-con-full e-flex e-con e-child\" data-id=\"3b9820b\" data-element_type=\"container\">\n\t\t<div class=\"elementor-element elementor-element-fcfaa5e e-con-full e-flex e-con e-child\" data-id=\"fcfaa5e\" data-element_type=\"container\">\n\t\t\t\t<div class=\"elementor-element elementor-element-405a20b elementor-widget elementor-widget-heading\" data-id=\"405a20b\" data-element_type=\"widget\" data-widget_type=\"heading.default\">\n\t\t\t\t<div class=\"elementor-widget-container\">\n\t\t\t\t\t<h2 class=\"elementor-heading-title elementor-size-default\"><p>\u062a\u0623\u0633\u0633\u062a <strong>\u0634\u0631\u0643\u062a\u0646\u0627<\/strong> \u0641\u064a 03 \u0645\u0627\u064a\u0648 2018 \u0639\u0644\u0649 \u064a\u062f \u0623\u062d\u0645\u062f \u0639\u0644\u064a\u0635\u0648 \u0623\u0648\u063a\u0644\u0648 \u0644\u062a\u0639\u0645\u0644 \u0641\u064a \u0642\u0637\u0627\u0639 \u062a\u0648\u0632\u064a\u0639 \u0627\u0644\u0623\u063a\u0630\u064a\u0629 \u0648\u062a\u0633\u0648\u064a\u0642\u0647\u0627.\n\u0648\u0628\u0641\u0636\u0644 \u062e\u0628\u0631\u0629 \u0645\u0624\u0633\u0633 \u0627\u0644\u0634\u0631\u0643\u0629 \u0648\u0631\u0624\u064a\u062a\u0647 \u0641\u064a \u0647\u0630\u0627 \u0627\u0644\u0642\u0637\u0627\u0639\u060c \u0646\u0645\u062a \u0627\u0644\u0634\u0631\u0643\u0629 \u0641\u064a \u0648\u0642\u062a \u0642\u0635\u064a\u0631 \u0648\u0623\u0635\u0628\u062d\u062a \u0634\u0631\u0643\u0629 \u0645\u0648\u062b\u0648\u0642\u0629 \u0641\u064a \u0642\u0637\u0627\u0639 \u062a\u0648\u0632\u064a\u0639 \u0627\u0644\u0645\u0648\u0627\u062f \u0627\u0644\u063a\u0630\u0627\u0626\u064a\u0629. <\/p>\n<\/h2>\t\t\t\t<\/div>\n\t\t\t\t<\/div>\n\t\t\t\t<div class=\"elementor-element elementor-element-2660f73 elementor-widget elementor-widget-heading\" data-id=\"2660f73\" data-element_type=\"widget\" data-widget_type=\"heading.default\">\n\t\t\t\t<div class=\"elementor-widget-container\">\n\t\t\t\t\t<h2 class=\"elementor-heading-title elementor-size-default\"><p><strong>\u0646\u062d\u0646 \u0645\u062a\u062e\u0635\u0635\u0648\u0646 \u0641\u064a<\/strong> \u0645\u062c\u0645\u0648\u0639\u0627\u062a \u0627\u0644\u0648\u062c\u0628\u0627\u062a \u0627\u0644\u062e\u0641\u064a\u0641\u0629 \u0648\u0627\u0644\u0645\u0634\u0631\u0648\u0628\u0627\u062a \u0627\u0644\u062d\u0645\u0636\u064a\u0629 \u0648\u0645\u0634\u0631\u0648\u0628\u0627\u062a \u0627\u0644\u0637\u0627\u0642\u0629 \u0648\u0645\u0646\u062a\u062c\u0627\u062a \u0627\u0644\u0642\u0647\u0648\u0629.\n\u062a\u0634\u0645\u0644 \u0639\u0646\u0627\u0635\u0631 \u062e\u062f\u0645\u062a\u0646\u0627 \u0627\u0644\u0631\u0626\u064a\u0633\u064a\u0629 \u0623\u064a\u0636\u064b\u0627 \u0631\u0642\u0627\u0626\u0642 \u0627\u0644\u0628\u0637\u0627\u0637\u0633 \u0648\u0645\u0646\u062a\u062c\u0627\u062a \u0627\u0644\u0648\u062c\u0628\u0627\u062a \u0627\u0644\u062e\u0641\u064a\u0641\u0629 \u0627\u0644\u0623\u062e\u0631\u0649.\n\u0646\u062d\u0646 \u0646\u0642\u062f\u0645 \u0623\u0641\u0636\u0644 \u062d\u0644\u0648\u0644 \u0627\u0644\u062a\u0648\u0631\u064a\u062f \u0644\u0639\u0645\u0644\u0627\u0626\u0646\u0627 \u0645\u0646 \u062e\u0644\u0627\u0644 \u062a\u0646\u0648\u0639 \u0645\u0646\u062a\u062c\u0627\u062a\u0646\u0627 \u0648\u0641\u0647\u0645\u0646\u0627 \u0644\u062c\u0648\u062f\u0629 \u0627\u0644\u062e\u062f\u0645\u0629.  <\/p><\/h2>\t\t\t\t<\/div>\n\t\t\t\t<\/div>\n\t\t\t\t<div class=\"elementor-element elementor-element-8823b1d elementor-widget elementor-widget-heading\" data-id=\"8823b1d\" data-element_type=\"widget\" data-widget_type=\"heading.default\">\n\t\t\t\t<div class=\"elementor-widget-container\">\n\t\t\t\t\t<h2 class=\"elementor-heading-title elementor-size-default\"><p><strong>\u062c\u0645\u0647\u0648\u0631\u0646\u0627 \u0627\u0644\u0645\u0633\u062a\u0647\u062f\u0641<\/strong> \u0647\u0645 \u062a\u062c\u0627\u0631 \u0627\u0644\u062a\u062c\u0632\u0626\u0629 \u0648\u062a\u062c\u0627\u0631 \u0627\u0644\u062c\u0645\u0644\u0629 \u0648\u0645\u0648\u0631\u062f\u064a \u0627\u0644\u062a\u0635\u062f\u064a\u0631 \u0648\u063a\u064a\u0631\u0647\u0645 \u0645\u0646 \u0627\u0644\u0634\u0631\u0643\u0627\u062a \u0627\u0644\u0639\u0627\u0645\u0644\u0629 \u0641\u064a \u0647\u0630\u0627 \u0627\u0644\u0642\u0637\u0627\u0639.\n\u0645\u0646 \u0645\u0642\u0631\u0646\u0627 \u0627\u0644\u0631\u0626\u064a\u0633\u064a \u0641\u064a \u0628\u0627\u064a\u0631\u0627\u0645\u0628\u0627\u0633\u0627\u060c \u0625\u0633\u0637\u0646\u0628\u0648\u0644\u060c \u0646\u0642\u062f\u0645 \u062e\u062f\u0645\u0627\u062a\u0646\u0627 \u0641\u064a \u062c\u0645\u064a\u0639 \u0623\u0646\u062d\u0627\u0621 \u062a\u0631\u0643\u064a\u0627.\n\u0648\u0628\u0641\u0636\u0644 \u0634\u0628\u0643\u0629 \u0627\u0644\u062a\u0648\u0632\u064a\u0639 \u0627\u0644\u0648\u0627\u0633\u0639\u0629 \u0644\u062f\u064a\u0646\u0627\u060c \u0641\u0625\u0646\u0646\u0627 \u0646\u0644\u0628\u064a \u0627\u062d\u062a\u064a\u0627\u062c\u0627\u062a \u0639\u0645\u0644\u0627\u0626\u0646\u0627 \u0628\u0634\u0643\u0644 \u0643\u0627\u0645\u0644 \u0648\u0633\u0631\u064a\u0639.  <\/p><\/h2>\t\t\t\t<\/div>\n\t\t\t\t<\/div>\n\t\t\t\t<div class=\"elementor-element elementor-element-b31c243 elementor-widget elementor-widget-heading\" data-id=\"b31c243\" data-element_type=\"widget\" data-widget_type=\"heading.default\">\n\t\t\t\t<div class=\"elementor-widget-container\">\n\t\t\t\t\t<h2 class=\"elementor-heading-title elementor-size-default\"><p>\u064a\u062a\u0645\u064a\u0632 <strong>\u0627\u062e\u062a\u0644\u0627\u0641 \u0634\u0631\u0643\u062a\u0646\u0627 \u0641\u064a \u0647\u0630\u0627 \u0627\u0644\u0642\u0637\u0627\u0639<\/strong> \u0639\u0646 \u0645\u0646\u0627\u0641\u0633\u064a\u0647\u0627 \u0628\u062c\u0648\u062f\u0629 \u0645\u0646\u062a\u062c\u0627\u062a\u0646\u0627 \u0648\u0627\u0644\u0623\u0647\u0645\u064a\u0629 \u0627\u0644\u062a\u064a \u0646\u0648\u0644\u064a\u0647\u0627 \u0644\u0631\u0636\u0627 \u0627\u0644\u0639\u0645\u0644\u0627\u0621 \u0648\u0639\u0645\u0644\u064a\u0627\u062a \u0627\u0644\u062a\u0648\u0631\u064a\u062f \u0627\u0644\u0645\u0648\u062b\u0648\u0642\u0629.\n\u0643\u0645\u0627 \u0623\u0646 \u0623\u0646\u0638\u0645\u0629 \u0627\u0644\u0628\u0646\u064a\u0629 \u0627\u0644\u062a\u062d\u062a\u064a\u0629 \u0627\u0644\u0645\u062a\u0637\u0648\u0631\u0629 \u0644\u062f\u064a\u0646\u0627 \u0648\u0642\u062f\u0631\u062a\u0646\u0627 \u0639\u0644\u0649 \u0627\u0644\u0627\u0633\u062a\u062c\u0627\u0628\u0629 \u0627\u0644\u0633\u0631\u064a\u0639\u0629 \u0644\u0637\u0644\u0628\u0627\u062a \u0627\u0644\u0639\u0645\u0644\u0627\u0621 \u062a\u062c\u0639\u0644\u0646\u0627 \u0645\u062a\u0645\u064a\u0632\u064a\u0646 \u0641\u064a \u0647\u0630\u0627 \u0627\u0644\u0642\u0637\u0627\u0639. <\/p><\/h2>\t\t\t\t<\/div>\n\t\t\t\t<\/div>\n\t\t\t\t<div class=\"elementor-element elementor-element-ac0df92 elementor-widget elementor-widget-heading\" data-id=\"ac0df92\" data-element_type=\"widget\" data-widget_type=\"heading.default\">\n\t\t\t\t<div class=\"elementor-widget-container\">\n\t\t\t\t\t<h2 class=\"elementor-heading-title elementor-size-default\"><p>\u062a\u062a\u0645\u062b\u0644 <strong>\u0631\u0624\u064a\u062a\u0646\u0627<\/strong> \u0641\u064a \u0623\u0646 \u0646\u0635\u0628\u062d \u0625\u062d\u062f\u0649 \u0634\u0631\u0643\u0627\u062a \u062a\u0648\u0632\u064a\u0639 \u0627\u0644\u0645\u0648\u0627\u062f \u0627\u0644\u063a\u0630\u0627\u0626\u064a\u0629 \u0627\u0644\u0645\u0631\u0645\u0648\u0642\u0629 \u0648\u0627\u0644\u0631\u0627\u0633\u062e\u0629 \u0641\u064a \u062a\u0631\u0643\u064a\u0627.\n\u0648\u0628\u0647\u0630\u0647 \u0627\u0644\u0637\u0631\u064a\u0642\u0629\u060c \u0641\u0625\u0646 \u0627\u0644\u0645\u0648\u062b\u0648\u0642\u064a\u0629 \u0648\u062c\u0648\u062f\u0629 \u0627\u0644\u062e\u062f\u0645\u0629 \u0648\u0631\u0636\u0627 \u0627\u0644\u0639\u0645\u0644\u0627\u0621 \u0647\u064a \u0642\u064a\u0645\u0646\u0627 \u0630\u0627\u062a \u0627\u0644\u0623\u0648\u0644\u0648\u064a\u0629 \u0627\u0644\u0642\u0635\u0648\u0649.\n\u0646\u0647\u062f\u0641 \u0625\u0644\u0649 \u0627\u0644\u0648\u0635\u0648\u0644 \u0625\u0644\u0649 \u0645\u0643\u0627\u0646\u0629 \u0631\u0627\u0626\u062f\u0629 \u0641\u064a \u0642\u0637\u0627\u0639\u0646\u0627 \u0645\u0646 \u062e\u0644\u0627\u0644 \u0627\u0644\u062a\u0631\u0643\u064a\u0632 \u0639\u0644\u0649 \u0627\u0644\u062a\u0637\u0648\u064a\u0631 \u0627\u0644\u0645\u0633\u062a\u0645\u0631 \u0648\u0631\u0636\u0627 \u0627\u0644\u0639\u0645\u0644\u0627\u0621.  <\/p>\n<br>  \u0628\u064a\u0646\u0645\u0627 \u0646\u0645\u0636\u064a \u0642\u062f\u0645\u0627\u064b \u0646\u062d\u0648 \u062a\u062d\u0642\u064a\u0642 \u0647\u062f\u0641\u0646\u0627 \u0627\u0644\u0645\u062a\u0645\u062b\u0644 \u0641\u064a \u0623\u0646 \u0646\u0635\u0628\u062d \u0634\u0631\u0643\u0629 \u0631\u0627\u0626\u062f\u0629 \u0641\u064a \u0642\u0637\u0627\u0639 \u062a\u0648\u0632\u064a\u0639 \u0627\u0644\u0645\u0648\u0627\u062f \u0627\u0644\u063a\u0630\u0627\u0626\u064a\u0629\u060c \u0633\u0646\u0648\u0627\u0635\u0644 \u062a\u0642\u062f\u064a\u0645 \u0623\u0641\u0636\u0644 \u0627\u0644\u062e\u062f\u0645\u0627\u062a \u0644\u0639\u0645\u0644\u0627\u0626\u0646\u0627 \u0627\u0644\u0643\u0631\u0627\u0645.<\/h2>\t\t\t\t<\/div>\n\t\t\t\t<\/div>\n\t\t\t\t<\/div>\n\t\t\t\t<\/div>\n\t\t<div class=\"elementor-element elementor-element-95f9466 e-con-full e-flex e-con e-child\" data-id=\"95f9466\" data-element_type=\"container\">\n\t\t\t\t<div class=\"elementor-element elementor-element-5efcd9d elementor-widget elementor-widget-image\" data-id=\"5efcd9d\" data-element_type=\"widget\" data-widget_type=\"image.default\">\n\t\t\t\t<div class=\"elementor-widget-container\">\n\t\t\t\t\t\t\t\t\t\t\t\t\t\t\t<img fetchpriority=\"high\" decoding=\"async\" width=\"460\" height=\"539\" src=\"https:\/\/alireis.com\/wp-content\/uploads\/2024\/10\/Toptan-Gida-Atistirmalik.png\" class=\"attachment-full size-full wp-image-4332\" alt=\"Toptan At\u0131\u015ft\u0131rmal\u0131k Yiyecekler ve \u00c7e\u015fitleri\" srcset=\"https:\/\/alireis.com\/wp-content\/uploads\/2024\/10\/Toptan-Gida-Atistirmalik.png 460w, https:\/\/alireis.com\/wp-content\/uploads\/2024\/10\/Toptan-Gida-Atistirmalik-231x271.png 231w\" sizes=\"(max-width: 460px) 100vw, 460px\" \/>\t\t\t\t\t\t\t\t\t\t\t\t\t\t\t<\/div>\n\t\t\t\t<\/div>\n\t\t\t\t<\/div>\n\t\t\t\t<\/div>\n\t\t\t\t\t<\/div>\n\t\t\t\t<\/div>\n\t\t\t\t<\/div>\n\t\t","protected":false},"excerpt":{"rendered":"<p>\u062a\u0623\u0633\u0633\u062a \u0634\u0631\u0643\u062a\u0646\u0627 \u0641\u064a 03 \u0645\u0627\u064a\u0648 2018 \u0639\u0644\u0649 \u064a\u062f \u0623\u062d\u0645\u062f \u0639\u0644\u064a\u0635\u0648 \u0623\u0648\u063a\u0644\u0648 \u0644\u062a\u0639\u0645\u0644 \u0641\u064a \u0642\u0637\u0627\u0639 \u062a\u0648\u0632\u064a\u0639 \u0627\u0644\u0623\u063a\u0630\u064a\u0629 \u0648\u062a\u0633\u0648\u064a\u0642\u0647\u0627. \u0648\u0628\u0641\u0636\u0644&hellip;<\/p>\n","protected":false},"author":1,"featured_media":0,"parent":0,"menu_order":0,"comment_status":"closed","ping_status":"closed","template":"elementor_header_footer","meta":{"footnotes":""},"class_list":["post-4340","page","type-page","status-publish","hentry"],"_links":{"self":[{"href":"https:\/\/alireis.com\/ar\/wp-json\/wp\/v2\/pages\/4340","targetHints":{"allow":["GET"]}}],"collection":[{"href":"https:\/\/alireis.com\/ar\/wp-json\/wp\/v2\/pages"}],"about":[{"href":"https:\/\/alireis.com\/ar\/wp-json\/wp\/v2\/types\/page"}],"author":[{"embeddable":true,"href":"https:\/\/alireis.com\/ar\/wp-json\/wp\/v2\/users\/1"}],"replies":[{"embeddable":true,"href":"https:\/\/alireis.com\/ar\/wp-json\/wp\/v2\/comments?post=4340"}],"version-history":[{"count":2,"href":"https:\/\/alireis.com\/ar\/wp-json\/wp\/v2\/pages\/4340\/revisions"}],"predecessor-version":[{"id":6094,"href":"https:\/\/alireis.com\/ar\/wp-json\/wp\/v2\/pages\/4340\/revisions\/6094"}],"wp:attachment":[{"href":"https:\/\/alireis.com\/ar\/wp-json\/wp\/v2\/media?parent=4340"}],"curies":[{"name":"wp","href":"https:\/\/api.w.org\/{rel}","templated":true}]}}